{"id":39831,"date":"2016-09-06T17:04:39","date_gmt":"2016-09-06T15:04:39","guid":{"rendered":"https:\/\/contarini.net\/de\/produkt\/cbs-de\/"},"modified":"2016-09-06T17:04:39","modified_gmt":"2016-09-06T15:04:39","slug":"cbs-de","status":"publish","type":"product","link":"https:\/\/contarini.net\/de\/produkt\/cbs-de\/","title":{"rendered":"ANSCHLUSSGEWINDE TYP CBS"},"content":{"rendered":"<p>Das Schwei\u00df-Anschlu\u00dfgewinde Serie CBS ist ein Komponent, das f\u00fcr die Realisierung von einfachwirkenden und doppelwirkenden Hydraulikzylindern geeignet ist. Produziert aus Stahl S355J0 \/ S355J2, wird am Rohr oder am Boden geschwei\u00dft und ist die Standardl\u00f6sung f\u00fcr die Realisierung der \u00d6leinl\u00e4sse bei den Zylindern. Geeignet f\u00fcr alle Gebiete.<\/p>\n","protected":false},"excerpt":{"rendered":"<p>Das Schwei\u00df-Anschlu\u00dfgewinde Serie CBS ist ein Komponent, das f\u00fcr die Realisierung von einfachwirkenden und doppelwirkenden Hydraulikzylindern geeignet ist. Produziert aus Stahl S355J0 \/ S355J2, wird am Rohr oder am Boden geschwei\u00dft und ist die Standardl\u00f6sung f\u00fcr die Realisierung der \u00d6leinl\u00e4sse bei den Zylindern. Geeignet f\u00fcr alle Gebiete.<\/p>\n","protected":false},"featured_media":0,"template":"","product_brand":[],"product_cat":[486],"product_tag":[],"class_list":{"0":"post-39831","1":"product","2":"type-product","3":"status-publish","5":"product_cat-zubehoehr","6":"odd","8":"first","9":"instock","10":"shipping-taxable","11":"product-type-simple"},"_links":{"self":[{"href":"https:\/\/contarini.net\/de\/wp-json\/wp\/v2\/product\/39831","targetHints":{"allow":["GET"]}}],"collection":[{"href":"https:\/\/contarini.net\/de\/wp-json\/wp\/v2\/product"}],"about":[{"href":"https:\/\/contarini.net\/de\/wp-json\/wp\/v2\/types\/product"}],"wp:attachment":[{"href":"https:\/\/contarini.net\/de\/wp-json\/wp\/v2\/media?parent=39831"}],"wp:term":[{"taxonomy":"product_brand","embeddable":true,"href":"https:\/\/contarini.net\/de\/wp-json\/wp\/v2\/product_brand?post=39831"},{"taxonomy":"product_cat","embeddable":true,"href":"https:\/\/contarini.net\/de\/wp-json\/wp\/v2\/product_cat?post=39831"},{"taxonomy":"product_tag","embeddable":true,"href":"https:\/\/contarini.net\/de\/wp-json\/wp\/v2\/product_tag?post=39831"}],"curies":[{"name":"wp","href":"https:\/\/api.w.org\/{rel}","templated":true}]}}