{"id":39828,"date":"2016-09-06T17:04:38","date_gmt":"2016-09-06T15:04:38","guid":{"rendered":"https:\/\/contarini.net\/de\/produkt\/cstsnf-de\/"},"modified":"2016-09-06T17:04:38","modified_gmt":"2016-09-06T15:04:38","slug":"cstsnf-de","status":"publish","type":"product","link":"https:\/\/contarini.net\/de\/produkt\/cstsnf-de\/","title":{"rendered":"ZYLINDERBODEN MIT NACHSCHMIERBAREM GELENKKOPF TYP CSTSNF"},"content":{"rendered":"<p>Der Boden Serie CSTSNF ist ein Halbfabrikat, geeignet f\u00fcr die Realisierung von einfachwirkenden und doppelwirkenden Hydraulikzylindern. Produziert aus Stahl St52.3, zeigt in einem einzigen Schmelzteil eine traditionellen Boden und einen nachschmierbarem industirellen Gelenkkopf Typ CSTS .. N. Diese L\u00f6sung vermeidet, den Gelenkkopf sp\u00e4ter schweissen zu m\u00fcssen und bietet eine bessere Wiederstandf\u00e4higkeit des Zylinders. Ein sehr flexibles Produkt, das in dem Mobil-, Agrar- und Industriegebiet besonders gebraucht wird.<\/p>\n","protected":false},"excerpt":{"rendered":"<p>Der Boden Serie CSTSNF ist ein Halbfabrikat, geeignet f\u00fcr die Realisierung von einfachwirkenden und doppelwirkenden Hydraulikzylindern. Produziert aus Stahl St52.3, zeigt in einem einzigen Schmelzteil eine traditionellen Boden und einen nachschmierbarem industirellen Gelenkkopf Typ CSTS .. N. Diese L\u00f6sung vermeidet, den Gelenkkopf sp\u00e4ter schweissen zu m\u00fcssen und bietet eine bessere Wiederstandf\u00e4higkeit des Zylinders. Ein sehr flexibles Produkt, das in dem [&hellip;]<\/p>\n","protected":false},"featured_media":0,"template":"","product_brand":[],"product_cat":[483],"product_tag":[],"class_list":{"0":"post-39828","1":"product","2":"type-product","3":"status-publish","5":"product_cat-boeden","6":"odd","8":"first","9":"instock","10":"shipping-taxable","11":"product-type-simple"},"_links":{"self":[{"href":"https:\/\/contarini.net\/de\/wp-json\/wp\/v2\/product\/39828","targetHints":{"allow":["GET"]}}],"collection":[{"href":"https:\/\/contarini.net\/de\/wp-json\/wp\/v2\/product"}],"about":[{"href":"https:\/\/contarini.net\/de\/wp-json\/wp\/v2\/types\/product"}],"wp:attachment":[{"href":"https:\/\/contarini.net\/de\/wp-json\/wp\/v2\/media?parent=39828"}],"wp:term":[{"taxonomy":"product_brand","embeddable":true,"href":"https:\/\/contarini.net\/de\/wp-json\/wp\/v2\/product_brand?post=39828"},{"taxonomy":"product_cat","embeddable":true,"href":"https:\/\/contarini.net\/de\/wp-json\/wp\/v2\/product_cat?post=39828"},{"taxonomy":"product_tag","embeddable":true,"href":"https:\/\/contarini.net\/de\/wp-json\/wp\/v2\/product_tag?post=39828"}],"curies":[{"name":"wp","href":"https:\/\/api.w.org\/{rel}","templated":true}]}}