{"id":39825,"date":"2016-09-06T17:04:37","date_gmt":"2016-09-06T15:04:37","guid":{"rendered":"https:\/\/contarini.net\/de\/produkt\/cfb-de\/"},"modified":"2016-09-06T17:04:37","modified_gmt":"2016-09-06T15:04:37","slug":"cfb-de","status":"publish","type":"product","link":"https:\/\/contarini.net\/de\/produkt\/cfb-de\/","title":{"rendered":"SCHARNIERZYLINDERBODEN MIT \u00d6LEINLASS TYP CFB"},"content":{"rendered":"<p>Der Boden Serie CFB ist ein Halbfabrikat, geeignet f\u00fcr die Realisierung von einfachwirkenden und doppelwirkenden Hydraulikzylindern. Produziert aus Stahl Fe510C, hat einen gefr\u00e4sten Endteil (Typ Festauge) und eine Fixierungsbohrung, die erm\u00f6glicht den Zylinder zu fixieren, ohne weitere Befestigungen schweissen zu m\u00fcssen. Weiters hat ein Gewinde f\u00fcr den \u00d6leintritt, das das hintere geschweisste Anschlussgewinde des Zylinders vermeidet. Ein sehr flexibles Produkt, das in dem Mobil-, Agrar- und Industriegebiet besonders gebraucht wird.<\/p>\n","protected":false},"excerpt":{"rendered":"<p>Der Boden Serie CFB ist ein Halbfabrikat, geeignet f\u00fcr die Realisierung von einfachwirkenden und doppelwirkenden Hydraulikzylindern. Produziert aus Stahl Fe510C, hat einen gefr\u00e4sten Endteil (Typ Festauge) und eine Fixierungsbohrung, die erm\u00f6glicht den Zylinder zu fixieren, ohne weitere Befestigungen schweissen zu m\u00fcssen. Weiters hat ein Gewinde f\u00fcr den \u00d6leintritt, das das hintere geschweisste Anschlussgewinde des Zylinders vermeidet. Ein sehr flexibles Produkt, [&hellip;]<\/p>\n","protected":false},"featured_media":0,"template":"","product_brand":[],"product_cat":[483],"product_tag":[],"class_list":{"0":"post-39825","1":"product","2":"type-product","3":"status-publish","5":"product_cat-boeden","6":"odd","8":"first","9":"instock","10":"shipping-taxable","11":"product-type-simple"},"_links":{"self":[{"href":"https:\/\/contarini.net\/de\/wp-json\/wp\/v2\/product\/39825","targetHints":{"allow":["GET"]}}],"collection":[{"href":"https:\/\/contarini.net\/de\/wp-json\/wp\/v2\/product"}],"about":[{"href":"https:\/\/contarini.net\/de\/wp-json\/wp\/v2\/types\/product"}],"wp:attachment":[{"href":"https:\/\/contarini.net\/de\/wp-json\/wp\/v2\/media?parent=39825"}],"wp:term":[{"taxonomy":"product_brand","embeddable":true,"href":"https:\/\/contarini.net\/de\/wp-json\/wp\/v2\/product_brand?post=39825"},{"taxonomy":"product_cat","embeddable":true,"href":"https:\/\/contarini.net\/de\/wp-json\/wp\/v2\/product_cat?post=39825"},{"taxonomy":"product_tag","embeddable":true,"href":"https:\/\/contarini.net\/de\/wp-json\/wp\/v2\/product_tag?post=39825"}],"curies":[{"name":"wp","href":"https:\/\/api.w.org\/{rel}","templated":true}]}}