{"id":39822,"date":"2016-09-06T17:04:36","date_gmt":"2016-09-06T15:04:36","guid":{"rendered":"https:\/\/contarini.net\/de\/produkt\/cfvp-de\/"},"modified":"2016-09-06T17:04:36","modified_gmt":"2016-09-06T15:04:36","slug":"cfvp-de","status":"publish","type":"product","link":"https:\/\/contarini.net\/de\/produkt\/cfvp-de\/","title":{"rendered":"ZYLINDERBODEN MIT \u00d6LEINLASS TYP CFVP"},"content":{"rendered":"<p>Der Boden Serie CFVP ist ein Halbfabrikat, geeignet f\u00fcr die Realisierung von einfachwirkenden und doppelwirkenden Hydraulikzylindern. Produziert aus Stahl Fe510C, hat einen \u00d6leintritt mit Gewinde f\u00fcr die Annahme eines Ventils mit Patrone (z.B. ein Rohrbruchsicherungsventil). Ein sehr flexibles Produkt, das in dem Mobil-, Agrar- und Industriegebiet besonders gebraucht wird.<\/p>\n","protected":false},"excerpt":{"rendered":"<p>Der Boden Serie CFVP ist ein Halbfabrikat, geeignet f\u00fcr die Realisierung von einfachwirkenden und doppelwirkenden Hydraulikzylindern. Produziert aus Stahl Fe510C, hat einen \u00d6leintritt mit Gewinde f\u00fcr die Annahme eines Ventils mit Patrone (z.B. ein Rohrbruchsicherungsventil). Ein sehr flexibles Produkt, das in dem Mobil-, Agrar- und Industriegebiet besonders gebraucht wird.<\/p>\n","protected":false},"featured_media":0,"template":"","product_brand":[],"product_cat":[483],"product_tag":[],"class_list":{"0":"post-39822","1":"product","2":"type-product","3":"status-publish","5":"product_cat-boeden","6":"odd","8":"first","9":"instock","10":"shipping-taxable","11":"product-type-simple"},"_links":{"self":[{"href":"https:\/\/contarini.net\/de\/wp-json\/wp\/v2\/product\/39822","targetHints":{"allow":["GET"]}}],"collection":[{"href":"https:\/\/contarini.net\/de\/wp-json\/wp\/v2\/product"}],"about":[{"href":"https:\/\/contarini.net\/de\/wp-json\/wp\/v2\/types\/product"}],"wp:attachment":[{"href":"https:\/\/contarini.net\/de\/wp-json\/wp\/v2\/media?parent=39822"}],"wp:term":[{"taxonomy":"product_brand","embeddable":true,"href":"https:\/\/contarini.net\/de\/wp-json\/wp\/v2\/product_brand?post=39822"},{"taxonomy":"product_cat","embeddable":true,"href":"https:\/\/contarini.net\/de\/wp-json\/wp\/v2\/product_cat?post=39822"},{"taxonomy":"product_tag","embeddable":true,"href":"https:\/\/contarini.net\/de\/wp-json\/wp\/v2\/product_tag?post=39822"}],"curies":[{"name":"wp","href":"https:\/\/api.w.org\/{rel}","templated":true}]}}