{"id":39798,"date":"2016-09-06T17:04:29","date_gmt":"2016-09-06T15:04:29","guid":{"rendered":"https:\/\/contarini.net\/de\/produkt\/cf30-de\/"},"modified":"2016-09-06T17:04:29","modified_gmt":"2016-09-06T15:04:29","slug":"cf30-de","status":"publish","type":"product","link":"https:\/\/contarini.net\/de\/produkt\/cf30-de\/","title":{"rendered":"INNENBODEN MIT GEWINDE TYP CF30"},"content":{"rendered":"<p>Der Boden Serie CF30 ist ein Halbfabrikat, geeignet f\u00fcr die Realisierung von einfachwirkenden und doppelwirkenden Hydraulikzylindern mit gr\u00f6\u00dfen Durchmessern. Produziert aus Stahl C40, hat einen Aussenteil mit Gewinde f\u00fcr eine bessere Halterung am Rohr (nachdem er geschraubt worden ist, muss er auch geschweisst werden). Besonders gebraucht in dem Industriegebiet (z.B. Pressenzylinder).<\/p>\n","protected":false},"excerpt":{"rendered":"<p>Der Boden Serie CF30 ist ein Halbfabrikat, geeignet f\u00fcr die Realisierung von einfachwirkenden und doppelwirkenden Hydraulikzylindern mit gr\u00f6\u00dfen Durchmessern. Produziert aus Stahl C40, hat einen Aussenteil mit Gewinde f\u00fcr eine bessere Halterung am Rohr (nachdem er geschraubt worden ist, muss er auch geschweisst werden). Besonders gebraucht in dem Industriegebiet (z.B. Pressenzylinder).<\/p>\n","protected":false},"featured_media":0,"template":"","product_brand":[],"product_cat":[483],"product_tag":[],"class_list":{"0":"post-39798","1":"product","2":"type-product","3":"status-publish","5":"product_cat-boeden","6":"odd","8":"first","9":"instock","10":"shipping-taxable","11":"product-type-simple"},"_links":{"self":[{"href":"https:\/\/contarini.net\/de\/wp-json\/wp\/v2\/product\/39798","targetHints":{"allow":["GET"]}}],"collection":[{"href":"https:\/\/contarini.net\/de\/wp-json\/wp\/v2\/product"}],"about":[{"href":"https:\/\/contarini.net\/de\/wp-json\/wp\/v2\/types\/product"}],"wp:attachment":[{"href":"https:\/\/contarini.net\/de\/wp-json\/wp\/v2\/media?parent=39798"}],"wp:term":[{"taxonomy":"product_brand","embeddable":true,"href":"https:\/\/contarini.net\/de\/wp-json\/wp\/v2\/product_brand?post=39798"},{"taxonomy":"product_cat","embeddable":true,"href":"https:\/\/contarini.net\/de\/wp-json\/wp\/v2\/product_cat?post=39798"},{"taxonomy":"product_tag","embeddable":true,"href":"https:\/\/contarini.net\/de\/wp-json\/wp\/v2\/product_tag?post=39798"}],"curies":[{"name":"wp","href":"https:\/\/api.w.org\/{rel}","templated":true}]}}