{"id":39789,"date":"2016-09-06T17:04:26","date_gmt":"2016-09-06T15:04:26","guid":{"rendered":"https:\/\/contarini.net\/de\/produkt\/cttb-de\/"},"modified":"2016-09-06T17:04:27","modified_gmt":"2016-09-06T15:04:27","slug":"cttb-de","status":"publish","type":"product","link":"https:\/\/contarini.net\/de\/produkt\/cttb-de\/","title":{"rendered":"F\u00dcHRUNGSKOLBEN F\u00dcR PLUNGERZYLINDER TYP CTTB"},"content":{"rendered":"<p>Der Kolben Serie CTTB ist ein Halbfabrikat, geeignet f\u00fcr die Realisierung von Plungerzylindern. Die Montage dieses Kolbens in die Plungerzylinder f\u00f6rdert eine bessere F\u00fchrung der Kolbenstange und das Vertragen der Belastungen seitens des Rohrs, daher k\u00f6nnen auch Zylinder mit langen H\u00fcbe realisiert werden. Ein sehr flexibles Produkt, das in dem Mobil-, Agrar- und Industriegebiet besonders gebraucht wird.<\/p>\n","protected":false},"excerpt":{"rendered":"<p>Der Kolben Serie CTTB ist ein Halbfabrikat, geeignet f\u00fcr die Realisierung von Plungerzylindern. Die Montage dieses Kolbens in die Plungerzylinder f\u00f6rdert eine bessere F\u00fchrung der Kolbenstange und das Vertragen der Belastungen seitens des Rohrs, daher k\u00f6nnen auch Zylinder mit langen H\u00fcbe realisiert werden. Ein sehr flexibles Produkt, das in dem Mobil-, Agrar- und Industriegebiet besonders gebraucht wird.<\/p>\n","protected":false},"featured_media":0,"template":"","product_brand":[],"product_cat":[480],"product_tag":[],"class_list":{"0":"post-39789","1":"product","2":"type-product","3":"status-publish","5":"product_cat-kolben","6":"odd","8":"first","9":"instock","10":"shipping-taxable","11":"product-type-simple"},"_links":{"self":[{"href":"https:\/\/contarini.net\/de\/wp-json\/wp\/v2\/product\/39789","targetHints":{"allow":["GET"]}}],"collection":[{"href":"https:\/\/contarini.net\/de\/wp-json\/wp\/v2\/product"}],"about":[{"href":"https:\/\/contarini.net\/de\/wp-json\/wp\/v2\/types\/product"}],"wp:attachment":[{"href":"https:\/\/contarini.net\/de\/wp-json\/wp\/v2\/media?parent=39789"}],"wp:term":[{"taxonomy":"product_brand","embeddable":true,"href":"https:\/\/contarini.net\/de\/wp-json\/wp\/v2\/product_brand?post=39789"},{"taxonomy":"product_cat","embeddable":true,"href":"https:\/\/contarini.net\/de\/wp-json\/wp\/v2\/product_cat?post=39789"},{"taxonomy":"product_tag","embeddable":true,"href":"https:\/\/contarini.net\/de\/wp-json\/wp\/v2\/product_tag?post=39789"}],"curies":[{"name":"wp","href":"https:\/\/api.w.org\/{rel}","templated":true}]}}