{"id":39783,"date":"2016-09-06T17:04:25","date_gmt":"2016-09-06T15:04:25","guid":{"rendered":"https:\/\/contarini.net\/de\/produkt\/ctfgv-de\/"},"modified":"2016-09-06T17:04:25","modified_gmt":"2016-09-06T15:04:25","slug":"ctfgv-de","status":"publish","type":"product","link":"https:\/\/contarini.net\/de\/produkt\/ctfgv-de\/","title":{"rendered":"KOLBEN MIT GEWINDE UND STIFT F\u00dcR REIBUNGSARME DICHTUNGEN TYP CTFGV"},"content":{"rendered":"<p>Der Kolben der Baureihe CTFGV ist ein Halbzeug, das sich f\u00fcr die Anfertigung einfach- oder doppeltwirkender Hydraulikzylinder eignet. Aus Stahl 9SMn28, im Innern mit einem Sitz f\u00fcr die Dichtung \u201eGER\u201c. Mit einer sehr kompakten Bauweise, die bei Bedarf eventuelle Probleme bei der Zylinderl\u00e4nge behebt. Durch den Stift im hinteren Bereich f\u00e4llt zudem die Blockierung am Zylinderschaft leichter aus. Besonders geeignet f\u00fcr die Eins\u00e4tze, wo der Verbrauch der Dichtungen hoch ist. Dar\u00fcber hinaus garantiert der sehr niedrige Reibungskoeffizient eine hohe Gleitgeschwindigkeit und reduziert aufs Minimum den Stick-Slip-Effekt. Wird insbesondere f\u00fcr Presszylinder, im Bereich der Erdbewegung und Industrie verwendet.<\/p>\n","protected":false},"excerpt":{"rendered":"<p>Der Kolben der Baureihe CTFGV ist ein Halbzeug, das sich f\u00fcr die Anfertigung einfach- oder doppeltwirkender Hydraulikzylinder eignet. Aus Stahl 9SMn28, im Innern mit einem Sitz f\u00fcr die Dichtung \u201eGER\u201c. Mit einer sehr kompakten Bauweise, die bei Bedarf eventuelle Probleme bei der Zylinderl\u00e4nge behebt. Durch den Stift im hinteren Bereich f\u00e4llt zudem die Blockierung am Zylinderschaft leichter aus. Besonders geeignet [&hellip;]<\/p>\n","protected":false},"featured_media":0,"template":"","product_brand":[],"product_cat":[480],"product_tag":[],"class_list":{"0":"post-39783","1":"product","2":"type-product","3":"status-publish","5":"product_cat-kolben","6":"odd","8":"first","9":"instock","10":"shipping-taxable","11":"product-type-simple"},"_links":{"self":[{"href":"https:\/\/contarini.net\/de\/wp-json\/wp\/v2\/product\/39783","targetHints":{"allow":["GET"]}}],"collection":[{"href":"https:\/\/contarini.net\/de\/wp-json\/wp\/v2\/product"}],"about":[{"href":"https:\/\/contarini.net\/de\/wp-json\/wp\/v2\/types\/product"}],"wp:attachment":[{"href":"https:\/\/contarini.net\/de\/wp-json\/wp\/v2\/media?parent=39783"}],"wp:term":[{"taxonomy":"product_brand","embeddable":true,"href":"https:\/\/contarini.net\/de\/wp-json\/wp\/v2\/product_brand?post=39783"},{"taxonomy":"product_cat","embeddable":true,"href":"https:\/\/contarini.net\/de\/wp-json\/wp\/v2\/product_cat?post=39783"},{"taxonomy":"product_tag","embeddable":true,"href":"https:\/\/contarini.net\/de\/wp-json\/wp\/v2\/product_tag?post=39783"}],"curies":[{"name":"wp","href":"https:\/\/api.w.org\/{rel}","templated":true}]}}