{"id":39777,"date":"2016-09-06T17:04:23","date_gmt":"2016-09-06T15:04:23","guid":{"rendered":"https:\/\/contarini.net\/de\/produkt\/ctf-de\/"},"modified":"2016-09-06T17:04:23","modified_gmt":"2016-09-06T15:04:23","slug":"ctf-de","status":"publish","type":"product","link":"https:\/\/contarini.net\/de\/produkt\/ctf-de\/","title":{"rendered":"KOLBEN MIT GEWINDE TYP CTF"},"content":{"rendered":"<p>Der Kolben Serie CTF ist ein Halbfabrikat, geeignet f\u00fcr die Realisierung von einfachwirkenden und doppelwirkenden Hydraulikzylindern. Produziert aus Stahl 9SMn28 (aus Aluminium f\u00fcr den Kolben\u00d8 25). Im Unterschied zur Serie CT hat er ein Gewinde f\u00fcr die direkte Fixierung an der Stange. Ein sehr flexibles Produkt, das in dem Mobil-, Agrar- und Industriegebiet besonders gebraucht wird.<\/p>\n","protected":false},"excerpt":{"rendered":"<p>Der Kolben Serie CTF ist ein Halbfabrikat, geeignet f\u00fcr die Realisierung von einfachwirkenden und doppelwirkenden Hydraulikzylindern. Produziert aus Stahl 9SMn28 (aus Aluminium f\u00fcr den Kolben\u00d8 25). Im Unterschied zur Serie CT hat er ein Gewinde f\u00fcr die direkte Fixierung an der Stange. Ein sehr flexibles Produkt, das in dem Mobil-, Agrar- und Industriegebiet besonders gebraucht wird.<\/p>\n","protected":false},"featured_media":0,"template":"","product_brand":[],"product_cat":[480],"product_tag":[],"class_list":{"0":"post-39777","1":"product","2":"type-product","3":"status-publish","5":"product_cat-kolben","6":"odd","8":"first","9":"instock","10":"shipping-taxable","11":"product-type-simple"},"_links":{"self":[{"href":"https:\/\/contarini.net\/de\/wp-json\/wp\/v2\/product\/39777","targetHints":{"allow":["GET"]}}],"collection":[{"href":"https:\/\/contarini.net\/de\/wp-json\/wp\/v2\/product"}],"about":[{"href":"https:\/\/contarini.net\/de\/wp-json\/wp\/v2\/types\/product"}],"wp:attachment":[{"href":"https:\/\/contarini.net\/de\/wp-json\/wp\/v2\/media?parent=39777"}],"wp:term":[{"taxonomy":"product_brand","embeddable":true,"href":"https:\/\/contarini.net\/de\/wp-json\/wp\/v2\/product_brand?post=39777"},{"taxonomy":"product_cat","embeddable":true,"href":"https:\/\/contarini.net\/de\/wp-json\/wp\/v2\/product_cat?post=39777"},{"taxonomy":"product_tag","embeddable":true,"href":"https:\/\/contarini.net\/de\/wp-json\/wp\/v2\/product_tag?post=39777"}],"curies":[{"name":"wp","href":"https:\/\/api.w.org\/{rel}","templated":true}]}}