{"id":39768,"date":"2016-09-06T17:04:21","date_gmt":"2016-09-06T15:04:21","guid":{"rendered":"https:\/\/contarini.net\/de\/produkt\/ctse-de\/"},"modified":"2016-09-06T17:04:21","modified_gmt":"2016-09-06T15:04:21","slug":"ctse-de","status":"publish","type":"product","link":"https:\/\/contarini.net\/de\/produkt\/ctse-de\/","title":{"rendered":"KOLBEN F\u00dcR EINFACHWIRKENDEN ZYLINDER TYP CTSE"},"content":{"rendered":"<p>Der Kolben der Baureihe CTSE f\u00fcr einwachwirkende Zylinder ist ein Halbzeug, das sich f\u00fcr die Anfertigung einfachwirkender Hydraulikzylinder eignet. Kommt mit einer Lippendichtung zum Einsatz. Dank seines flachen Profils nimmt es den geringstm\u00f6glichen Platz ein. Zur Erzielung doppeltwirkender Zylinder kann er ferner entgegengesetzt paarweise montiert werden. Vielseitiges Produkt, das bei verschiedenen Eins\u00e4tzen von leichter\/mittlerer Last Verwendung findet.<\/p>\n","protected":false},"excerpt":{"rendered":"<p>Der Kolben der Baureihe CTSE f\u00fcr einwachwirkende Zylinder ist ein Halbzeug, das sich f\u00fcr die Anfertigung einfachwirkender Hydraulikzylinder eignet. Kommt mit einer Lippendichtung zum Einsatz. Dank seines flachen Profils nimmt es den geringstm\u00f6glichen Platz ein. Zur Erzielung doppeltwirkender Zylinder kann er ferner entgegengesetzt paarweise montiert werden. Vielseitiges Produkt, das bei verschiedenen Eins\u00e4tzen von leichter\/mittlerer Last Verwendung findet.<\/p>\n","protected":false},"featured_media":0,"template":"","product_brand":[],"product_cat":[480],"product_tag":[],"class_list":{"0":"post-39768","1":"product","2":"type-product","3":"status-publish","5":"product_cat-kolben","6":"odd","8":"first","9":"instock","10":"shipping-taxable","11":"product-type-simple"},"_links":{"self":[{"href":"https:\/\/contarini.net\/de\/wp-json\/wp\/v2\/product\/39768","targetHints":{"allow":["GET"]}}],"collection":[{"href":"https:\/\/contarini.net\/de\/wp-json\/wp\/v2\/product"}],"about":[{"href":"https:\/\/contarini.net\/de\/wp-json\/wp\/v2\/types\/product"}],"wp:attachment":[{"href":"https:\/\/contarini.net\/de\/wp-json\/wp\/v2\/media?parent=39768"}],"wp:term":[{"taxonomy":"product_brand","embeddable":true,"href":"https:\/\/contarini.net\/de\/wp-json\/wp\/v2\/product_brand?post=39768"},{"taxonomy":"product_cat","embeddable":true,"href":"https:\/\/contarini.net\/de\/wp-json\/wp\/v2\/product_cat?post=39768"},{"taxonomy":"product_tag","embeddable":true,"href":"https:\/\/contarini.net\/de\/wp-json\/wp\/v2\/product_tag?post=39768"}],"curies":[{"name":"wp","href":"https:\/\/api.w.org\/{rel}","templated":true}]}}