{"id":39762,"date":"2016-09-06T17:04:20","date_gmt":"2016-09-06T15:04:20","guid":{"rendered":"https:\/\/contarini.net\/de\/produkt\/ct30-de\/"},"modified":"2016-09-06T17:04:20","modified_gmt":"2016-09-06T15:04:20","slug":"ct30-de","status":"publish","type":"product","link":"https:\/\/contarini.net\/de\/produkt\/ct30-de\/","title":{"rendered":"KOLBEN TYP CT30"},"content":{"rendered":"<p>Der Kolben Serie CT30 ist ein Halbfabrikat, geeignet f\u00fcr die Realisierung von einfachwirkenden und doppelwirkenden Hydraulikzylindern mit gr\u00f6\u00dfen Durchmessern. Produziert aus Stahl 9SMn28. Besonders gebraucht in dem Industriegebiet (z.B. Pressenzylinder).<\/p>\n","protected":false},"excerpt":{"rendered":"<p>Der Kolben Serie CT30 ist ein Halbfabrikat, geeignet f\u00fcr die Realisierung von einfachwirkenden und doppelwirkenden Hydraulikzylindern mit gr\u00f6\u00dfen Durchmessern. Produziert aus Stahl 9SMn28. Besonders gebraucht in dem Industriegebiet (z.B. Pressenzylinder).<\/p>\n","protected":false},"featured_media":0,"template":"","product_brand":[],"product_cat":[480],"product_tag":[],"class_list":{"0":"post-39762","1":"product","2":"type-product","3":"status-publish","5":"product_cat-kolben","6":"odd","8":"first","9":"instock","10":"shipping-taxable","11":"product-type-simple"},"_links":{"self":[{"href":"https:\/\/contarini.net\/de\/wp-json\/wp\/v2\/product\/39762","targetHints":{"allow":["GET"]}}],"collection":[{"href":"https:\/\/contarini.net\/de\/wp-json\/wp\/v2\/product"}],"about":[{"href":"https:\/\/contarini.net\/de\/wp-json\/wp\/v2\/types\/product"}],"wp:attachment":[{"href":"https:\/\/contarini.net\/de\/wp-json\/wp\/v2\/media?parent=39762"}],"wp:term":[{"taxonomy":"product_brand","embeddable":true,"href":"https:\/\/contarini.net\/de\/wp-json\/wp\/v2\/product_brand?post=39762"},{"taxonomy":"product_cat","embeddable":true,"href":"https:\/\/contarini.net\/de\/wp-json\/wp\/v2\/product_cat?post=39762"},{"taxonomy":"product_tag","embeddable":true,"href":"https:\/\/contarini.net\/de\/wp-json\/wp\/v2\/product_tag?post=39762"}],"curies":[{"name":"wp","href":"https:\/\/api.w.org\/{rel}","templated":true}]}}