{"id":39753,"date":"2016-09-06T17:03:47","date_gmt":"2016-09-06T15:03:47","guid":{"rendered":"https:\/\/contarini.net\/de\/produkt\/cgt-de\/"},"modified":"2016-09-06T17:03:47","modified_gmt":"2016-09-06T15:03:47","slug":"cgt-de","status":"publish","type":"product","link":"https:\/\/contarini.net\/de\/produkt\/cgt-de\/","title":{"rendered":"KOLBENSTANGENF\u00dcHRUNG TYP CGT"},"content":{"rendered":"<p>Die Kolbenstangenf\u00fchrung Serie CGT ist ein Halbfabrikat, geeignet f\u00fcr die Realisierung von Plungerzylindern. Produziert aus Hydraulikguss G25 bis \u00d8 60 mm und aus Stahl f\u00fcr die gr\u00f6\u00dferen Durchmesser, ist ein Grundkomponent unserer Standardzylinder Serie HT0. Ein sehr flexibles Produkt, das in dem Mobil-, Agrar- und Industriegebiet besonders gebraucht wird.<\/p>\n","protected":false},"excerpt":{"rendered":"<p>Die Kolbenstangenf\u00fchrung Serie CGT ist ein Halbfabrikat, geeignet f\u00fcr die Realisierung von Plungerzylindern. Produziert aus Hydraulikguss G25 bis \u00d8 60 mm und aus Stahl f\u00fcr die gr\u00f6\u00dferen Durchmesser, ist ein Grundkomponent unserer Standardzylinder Serie HT0. Ein sehr flexibles Produkt, das in dem Mobil-, Agrar- und Industriegebiet besonders gebraucht wird.<\/p>\n","protected":false},"featured_media":0,"template":"","product_brand":[],"product_cat":[477],"product_tag":[],"class_list":{"0":"post-39753","1":"product","2":"type-product","3":"status-publish","5":"product_cat-kolbenstangenfuehrung","6":"odd","8":"first","9":"instock","10":"shipping-taxable","11":"product-type-simple"},"_links":{"self":[{"href":"https:\/\/contarini.net\/de\/wp-json\/wp\/v2\/product\/39753","targetHints":{"allow":["GET"]}}],"collection":[{"href":"https:\/\/contarini.net\/de\/wp-json\/wp\/v2\/product"}],"about":[{"href":"https:\/\/contarini.net\/de\/wp-json\/wp\/v2\/types\/product"}],"wp:attachment":[{"href":"https:\/\/contarini.net\/de\/wp-json\/wp\/v2\/media?parent=39753"}],"wp:term":[{"taxonomy":"product_brand","embeddable":true,"href":"https:\/\/contarini.net\/de\/wp-json\/wp\/v2\/product_brand?post=39753"},{"taxonomy":"product_cat","embeddable":true,"href":"https:\/\/contarini.net\/de\/wp-json\/wp\/v2\/product_cat?post=39753"},{"taxonomy":"product_tag","embeddable":true,"href":"https:\/\/contarini.net\/de\/wp-json\/wp\/v2\/product_tag?post=39753"}],"curies":[{"name":"wp","href":"https:\/\/api.w.org\/{rel}","templated":true}]}}