{"id":39750,"date":"2016-09-06T17:03:46","date_gmt":"2016-09-06T15:03:46","guid":{"rendered":"https:\/\/contarini.net\/de\/produkt\/cgpm-de\/"},"modified":"2016-09-06T17:03:46","modified_gmt":"2016-09-06T15:03:46","slug":"cgpm-de","status":"publish","type":"product","link":"https:\/\/contarini.net\/de\/produkt\/cgpm-de\/","title":{"rendered":"KOLBENSTANGENF\u00dcHRUNG TYP CGPM"},"content":{"rendered":"<p>Die Kolbenstangenf\u00fchrung Serie CGPM ist ein Halbfabrikat, geeignet f\u00fcr die Realisierung von einfachwirkenden und doppelwirkenden Hydraulikzylindern, die unter schwere Belastungen stehen. Produziert aus Stahl C40 und f\u00fcr F\u00fchrungsringe aus Phenolharz geeignet. Besonders geeignet f\u00fcr das Erdbewegungs- und Industriegebiet.<\/p>\n","protected":false},"excerpt":{"rendered":"<p>Die Kolbenstangenf\u00fchrung Serie CGPM ist ein Halbfabrikat, geeignet f\u00fcr die Realisierung von einfachwirkenden und doppelwirkenden Hydraulikzylindern, die unter schwere Belastungen stehen. Produziert aus Stahl C40 und f\u00fcr F\u00fchrungsringe aus Phenolharz geeignet. Besonders geeignet f\u00fcr das Erdbewegungs- und Industriegebiet.<\/p>\n","protected":false},"featured_media":0,"template":"","product_brand":[],"product_cat":[477],"product_tag":[],"class_list":{"0":"post-39750","1":"product","2":"type-product","3":"status-publish","5":"product_cat-kolbenstangenfuehrung","6":"odd","8":"first","9":"instock","10":"shipping-taxable","11":"product-type-simple"},"_links":{"self":[{"href":"https:\/\/contarini.net\/de\/wp-json\/wp\/v2\/product\/39750","targetHints":{"allow":["GET"]}}],"collection":[{"href":"https:\/\/contarini.net\/de\/wp-json\/wp\/v2\/product"}],"about":[{"href":"https:\/\/contarini.net\/de\/wp-json\/wp\/v2\/types\/product"}],"wp:attachment":[{"href":"https:\/\/contarini.net\/de\/wp-json\/wp\/v2\/media?parent=39750"}],"wp:term":[{"taxonomy":"product_brand","embeddable":true,"href":"https:\/\/contarini.net\/de\/wp-json\/wp\/v2\/product_brand?post=39750"},{"taxonomy":"product_cat","embeddable":true,"href":"https:\/\/contarini.net\/de\/wp-json\/wp\/v2\/product_cat?post=39750"},{"taxonomy":"product_tag","embeddable":true,"href":"https:\/\/contarini.net\/de\/wp-json\/wp\/v2\/product_tag?post=39750"}],"curies":[{"name":"wp","href":"https:\/\/api.w.org\/{rel}","templated":true}]}}