{"id":39747,"date":"2016-09-06T17:03:45","date_gmt":"2016-09-06T15:03:45","guid":{"rendered":"https:\/\/contarini.net\/de\/produkt\/cglm-de\/"},"modified":"2016-09-06T17:03:45","modified_gmt":"2016-09-06T15:03:45","slug":"cglm-de","status":"publish","type":"product","link":"https:\/\/contarini.net\/de\/produkt\/cglm-de\/","title":{"rendered":"KOLBENSTANGENF\u00dcHRUNG TYP CGLM"},"content":{"rendered":"<p>Die Kolbenstangenf\u00fchrung Serie CGLM ist ein Halbfabrikat, geeignet f\u00fcr die Realisierung von einfachwirkenden und doppelwirkenden Hydraulikzylindern. Produziert aus Hydraulikguss G25, ist ein Grundkomponent unserer Standardzylinder Serie HM0LM. Sehr kompakte Bauweise. Besonders gebraucht in dem Agrargebiet und in den Eins\u00e4tzen mit leichten Belastungen.<\/p>\n","protected":false},"excerpt":{"rendered":"<p>Die Kolbenstangenf\u00fchrung Serie CGLM ist ein Halbfabrikat, geeignet f\u00fcr die Realisierung von einfachwirkenden und doppelwirkenden Hydraulikzylindern. Produziert aus Hydraulikguss G25, ist ein Grundkomponent unserer Standardzylinder Serie HM0LM. Sehr kompakte Bauweise. Besonders gebraucht in dem Agrargebiet und in den Eins\u00e4tzen mit leichten Belastungen.<\/p>\n","protected":false},"featured_media":0,"template":"","product_brand":[],"product_cat":[477],"product_tag":[],"class_list":{"0":"post-39747","1":"product","2":"type-product","3":"status-publish","5":"product_cat-kolbenstangenfuehrung","6":"odd","8":"first","9":"instock","10":"shipping-taxable","11":"product-type-simple"},"_links":{"self":[{"href":"https:\/\/contarini.net\/de\/wp-json\/wp\/v2\/product\/39747","targetHints":{"allow":["GET"]}}],"collection":[{"href":"https:\/\/contarini.net\/de\/wp-json\/wp\/v2\/product"}],"about":[{"href":"https:\/\/contarini.net\/de\/wp-json\/wp\/v2\/types\/product"}],"wp:attachment":[{"href":"https:\/\/contarini.net\/de\/wp-json\/wp\/v2\/media?parent=39747"}],"wp:term":[{"taxonomy":"product_brand","embeddable":true,"href":"https:\/\/contarini.net\/de\/wp-json\/wp\/v2\/product_brand?post=39747"},{"taxonomy":"product_cat","embeddable":true,"href":"https:\/\/contarini.net\/de\/wp-json\/wp\/v2\/product_cat?post=39747"},{"taxonomy":"product_tag","embeddable":true,"href":"https:\/\/contarini.net\/de\/wp-json\/wp\/v2\/product_tag?post=39747"}],"curies":[{"name":"wp","href":"https:\/\/api.w.org\/{rel}","templated":true}]}}