{"id":39741,"date":"2016-09-06T17:03:42","date_gmt":"2016-09-06T15:03:42","guid":{"rendered":"https:\/\/contarini.net\/de\/produkt\/cg30-de\/"},"modified":"2016-09-06T17:03:43","modified_gmt":"2016-09-06T15:03:43","slug":"cg30-de","status":"publish","type":"product","link":"https:\/\/contarini.net\/de\/produkt\/cg30-de\/","title":{"rendered":"KOLBENSTANGEF\u00dcHRUNG TYP CG30"},"content":{"rendered":"<p>Die Kolbenstangenf\u00fchrung Serie CG30 ist ein Halbfabrikat, geeignet f\u00fcr die Realisierung von einfachwirkenden und doppelwirkenden Hydraulikzylindern mit gr\u00f6\u00dfen Durchmessern. Produziert aus Hydrauliguss G25. Besonders gebraucht in dem Industriegebiet (z.B. Pressenzylinder).<\/p>\n","protected":false},"excerpt":{"rendered":"<p>Die Kolbenstangenf\u00fchrung Serie CG30 ist ein Halbfabrikat, geeignet f\u00fcr die Realisierung von einfachwirkenden und doppelwirkenden Hydraulikzylindern mit gr\u00f6\u00dfen Durchmessern. Produziert aus Hydrauliguss G25. Besonders gebraucht in dem Industriegebiet (z.B. Pressenzylinder).<\/p>\n","protected":false},"featured_media":0,"template":"","product_brand":[],"product_cat":[477],"product_tag":[],"class_list":{"0":"post-39741","1":"product","2":"type-product","3":"status-publish","5":"product_cat-kolbenstangenfuehrung","6":"odd","8":"first","9":"instock","10":"shipping-taxable","11":"product-type-simple"},"_links":{"self":[{"href":"https:\/\/contarini.net\/de\/wp-json\/wp\/v2\/product\/39741","targetHints":{"allow":["GET"]}}],"collection":[{"href":"https:\/\/contarini.net\/de\/wp-json\/wp\/v2\/product"}],"about":[{"href":"https:\/\/contarini.net\/de\/wp-json\/wp\/v2\/types\/product"}],"wp:attachment":[{"href":"https:\/\/contarini.net\/de\/wp-json\/wp\/v2\/media?parent=39741"}],"wp:term":[{"taxonomy":"product_brand","embeddable":true,"href":"https:\/\/contarini.net\/de\/wp-json\/wp\/v2\/product_brand?post=39741"},{"taxonomy":"product_cat","embeddable":true,"href":"https:\/\/contarini.net\/de\/wp-json\/wp\/v2\/product_cat?post=39741"},{"taxonomy":"product_tag","embeddable":true,"href":"https:\/\/contarini.net\/de\/wp-json\/wp\/v2\/product_tag?post=39741"}],"curies":[{"name":"wp","href":"https:\/\/api.w.org\/{rel}","templated":true}]}}