{"id":39729,"date":"2016-09-06T17:03:38","date_gmt":"2016-09-06T15:03:38","guid":{"rendered":"https:\/\/contarini.net\/de\/produkt\/stfg-de\/"},"modified":"2016-09-06T17:03:38","modified_gmt":"2016-09-06T15:03:38","slug":"stfg-de","status":"publish","type":"product","link":"https:\/\/contarini.net\/de\/produkt\/stfg-de\/","title":{"rendered":"GEDREHTES ZYLINDERROHR MIT ANGESCHWEISSTEM ANSCHLUSSGEWINDE UND FLANSCH TYP STFG"},"content":{"rendered":"<p>Das gedrehte Zylinderrohr mit angeschwei\u00dftem Anschlussgewinde und Flansch vorne Serie STFG ist ein Halbfabrikat, geeignet f\u00fcr die Realisierung von einfachwirkenden und doppelwirkenden Hydraulikzylindern. Produziert aus Stahl St. 52.3 DIN 2393 ISO H9, ist das Basismaterial f\u00fcr die Standardzylinder HMF. Die M\u00f6glichkeit seitens des Kunden, die L\u00e4nge zu verk\u00fcrzen, erlaubt die Realisierung von Zylindern je nach Bedarf.<\/p>\n","protected":false},"excerpt":{"rendered":"<p>Das gedrehte Zylinderrohr mit angeschwei\u00dftem Anschlussgewinde und Flansch vorne Serie STFG ist ein Halbfabrikat, geeignet f\u00fcr die Realisierung von einfachwirkenden und doppelwirkenden Hydraulikzylindern. Produziert aus Stahl St. 52.3 DIN 2393 ISO H9, ist das Basismaterial f\u00fcr die Standardzylinder HMF. Die M\u00f6glichkeit seitens des Kunden, die L\u00e4nge zu verk\u00fcrzen, erlaubt die Realisierung von Zylindern je nach Bedarf.<\/p>\n","protected":false},"featured_media":0,"template":"","product_brand":[],"product_cat":[474],"product_tag":[],"class_list":{"0":"post-39729","1":"product","2":"type-product","3":"status-publish","5":"product_cat-gedrehte-zylinderrohre-un-kolbestangen","6":"odd","8":"first","9":"instock","10":"shipping-taxable","11":"product-type-simple"},"_links":{"self":[{"href":"https:\/\/contarini.net\/de\/wp-json\/wp\/v2\/product\/39729","targetHints":{"allow":["GET"]}}],"collection":[{"href":"https:\/\/contarini.net\/de\/wp-json\/wp\/v2\/product"}],"about":[{"href":"https:\/\/contarini.net\/de\/wp-json\/wp\/v2\/types\/product"}],"wp:attachment":[{"href":"https:\/\/contarini.net\/de\/wp-json\/wp\/v2\/media?parent=39729"}],"wp:term":[{"taxonomy":"product_brand","embeddable":true,"href":"https:\/\/contarini.net\/de\/wp-json\/wp\/v2\/product_brand?post=39729"},{"taxonomy":"product_cat","embeddable":true,"href":"https:\/\/contarini.net\/de\/wp-json\/wp\/v2\/product_cat?post=39729"},{"taxonomy":"product_tag","embeddable":true,"href":"https:\/\/contarini.net\/de\/wp-json\/wp\/v2\/product_tag?post=39729"}],"curies":[{"name":"wp","href":"https:\/\/api.w.org\/{rel}","templated":true}]}}