{"id":39672,"date":"2016-09-06T17:03:21","date_gmt":"2016-09-06T15:03:21","guid":{"rendered":"https:\/\/contarini.net\/de\/produkt\/hfrt-de-de\/"},"modified":"2016-09-06T17:03:21","modified_gmt":"2016-09-06T15:03:21","slug":"hfrt-de-de","status":"publish","type":"product","link":"https:\/\/contarini.net\/de\/produkt\/hfrt-de-de\/","title":{"rendered":"PLUNGERZYLINDER TYP &#8222;HFRT&#8220;"},"content":{"rendered":"<p>Der Plungerzylinder Serie HFRT-M250 mit geschwei\u00dften Boden + Fixierungsbohrung hinten und vorne in dem Mobil-, Agrar- und Industriebereich gefragt. Zuverl\u00e4\u00dfigkeit, Zweckm\u00e4\u00dfigkeit und Leichtigkeit sind die Hauptmerkmale. Wir schlagen ca. 20 Modelle in 4 verschiedenen Durchmessern vor. Die durchschnittliche Lagerverf\u00fcgbarkeit ist von ca. 500 Stk.<\/p>\n","protected":false},"excerpt":{"rendered":"<p>Der Plungerzylinder Serie HFRT-M250 mit geschwei\u00dften Boden + Fixierungsbohrung hinten und vorne in dem Mobil-, Agrar- und Industriebereich gefragt. Zuverl\u00e4\u00dfigkeit, Zweckm\u00e4\u00dfigkeit und Leichtigkeit sind die Hauptmerkmale. Wir schlagen ca. 20 Modelle in 4 verschiedenen Durchmessern vor. Die durchschnittliche Lagerverf\u00fcgbarkeit ist von ca. 500 Stk.<\/p>\n","protected":false},"featured_media":0,"template":"","product_brand":[],"product_cat":[467],"product_tag":[],"class_list":{"0":"post-39672","1":"product","2":"type-product","3":"status-publish","5":"product_cat-standardzylinder","6":"odd","8":"first","9":"instock","10":"shipping-taxable","11":"product-type-simple"},"_links":{"self":[{"href":"https:\/\/contarini.net\/de\/wp-json\/wp\/v2\/product\/39672","targetHints":{"allow":["GET"]}}],"collection":[{"href":"https:\/\/contarini.net\/de\/wp-json\/wp\/v2\/product"}],"about":[{"href":"https:\/\/contarini.net\/de\/wp-json\/wp\/v2\/types\/product"}],"wp:attachment":[{"href":"https:\/\/contarini.net\/de\/wp-json\/wp\/v2\/media?parent=39672"}],"wp:term":[{"taxonomy":"product_brand","embeddable":true,"href":"https:\/\/contarini.net\/de\/wp-json\/wp\/v2\/product_brand?post=39672"},{"taxonomy":"product_cat","embeddable":true,"href":"https:\/\/contarini.net\/de\/wp-json\/wp\/v2\/product_cat?post=39672"},{"taxonomy":"product_tag","embeddable":true,"href":"https:\/\/contarini.net\/de\/wp-json\/wp\/v2\/product_tag?post=39672"}],"curies":[{"name":"wp","href":"https:\/\/api.w.org\/{rel}","templated":true}]}}