{"id":39670,"date":"2016-09-06T17:03:20","date_gmt":"2016-09-06T15:03:20","guid":{"rendered":"https:\/\/contarini.net\/de\/produkt\/ht0-de\/"},"modified":"2016-09-06T17:03:20","modified_gmt":"2016-09-06T15:03:20","slug":"ht0-de","status":"publish","type":"product","link":"https:\/\/contarini.net\/de\/produkt\/ht0-de\/","title":{"rendered":"STANDARD PLUNGERZYLINDER TYP &#8222;HT0&#8220;"},"content":{"rendered":"<p>Der Plungerzylinder Serie HTO-M250 mit geschwei\u00dften Boden ist in dem Mobil-, Agrar- und Industriebereich gefragt. Zuverl\u00e4\u00dfigkeit und Leichtigkeit sind die Hauptmerkmale. Wir schlagen ca. 15 Modelle in 3 veschiedenen Durchmessern vor. Die durchschnittliche Lagerverf\u00fcgbarkeit ist von ca. 500 Stk.<\/p>\n","protected":false},"excerpt":{"rendered":"<p>Der Plungerzylinder Serie HTO-M250 mit geschwei\u00dften Boden ist in dem Mobil-, Agrar- und Industriebereich gefragt. Zuverl\u00e4\u00dfigkeit und Leichtigkeit sind die Hauptmerkmale. Wir schlagen ca. 15 Modelle in 3 veschiedenen Durchmessern vor. Die durchschnittliche Lagerverf\u00fcgbarkeit ist von ca. 500 Stk.<\/p>\n","protected":false},"featured_media":0,"template":"","product_brand":[],"product_cat":[467],"product_tag":[],"class_list":{"0":"post-39670","1":"product","2":"type-product","3":"status-publish","5":"product_cat-standardzylinder","6":"odd","8":"first","9":"instock","10":"shipping-taxable","11":"product-type-simple"},"_links":{"self":[{"href":"https:\/\/contarini.net\/de\/wp-json\/wp\/v2\/product\/39670","targetHints":{"allow":["GET"]}}],"collection":[{"href":"https:\/\/contarini.net\/de\/wp-json\/wp\/v2\/product"}],"about":[{"href":"https:\/\/contarini.net\/de\/wp-json\/wp\/v2\/types\/product"}],"wp:attachment":[{"href":"https:\/\/contarini.net\/de\/wp-json\/wp\/v2\/media?parent=39670"}],"wp:term":[{"taxonomy":"product_brand","embeddable":true,"href":"https:\/\/contarini.net\/de\/wp-json\/wp\/v2\/product_brand?post=39670"},{"taxonomy":"product_cat","embeddable":true,"href":"https:\/\/contarini.net\/de\/wp-json\/wp\/v2\/product_cat?post=39670"},{"taxonomy":"product_tag","embeddable":true,"href":"https:\/\/contarini.net\/de\/wp-json\/wp\/v2\/product_tag?post=39670"}],"curies":[{"name":"wp","href":"https:\/\/api.w.org\/{rel}","templated":true}]}}