{"id":39653,"date":"2016-09-06T17:03:16","date_gmt":"2016-09-06T15:03:16","guid":{"rendered":"https:\/\/contarini.net\/de\/produkt\/hfr2s-de\/"},"modified":"2016-09-06T17:03:16","modified_gmt":"2016-09-06T15:03:16","slug":"hfr2s-de","status":"publish","type":"product","link":"https:\/\/contarini.net\/de\/produkt\/hfr2s-de\/","title":{"rendered":"DOPPELWIRKENDE ZYLINDER TYP &#8222;HFR2S&#8220;"},"content":{"rendered":"<p>Die doppelwirkenden Hydraulikzylinder Serie HFR\/HFR2S-M250 mit geschwei\u00dften Boden + Fixierungsbohrung und Buchse vorne sind in dem Mobil- und Agrarbereich besonders gefragt. F\u00fcr diesen zuverl\u00e4\u00dfigen und flexiblen Zylinder schlagen wir ca. 75 Modelle in 8 veschiedenen Durchmessern vor. Die durchschnittliche Lagerverf\u00fcgbarkeit ist von ca. 5000 Stk.<\/p>\n","protected":false},"excerpt":{"rendered":"<p>Die doppelwirkenden Hydraulikzylinder Serie HFR\/HFR2S-M250 mit geschwei\u00dften Boden + Fixierungsbohrung und Buchse vorne sind in dem Mobil- und Agrarbereich besonders gefragt. F\u00fcr diesen zuverl\u00e4\u00dfigen und flexiblen Zylinder schlagen wir ca. 75 Modelle in 8 veschiedenen Durchmessern vor. Die durchschnittliche Lagerverf\u00fcgbarkeit ist von ca. 5000 Stk.<\/p>\n","protected":false},"featured_media":0,"template":"","product_brand":[],"product_cat":[467],"product_tag":[],"class_list":{"0":"post-39653","1":"product","2":"type-product","3":"status-publish","5":"product_cat-standardzylinder","6":"odd","8":"first","9":"instock","10":"shipping-taxable","11":"product-type-simple"},"_links":{"self":[{"href":"https:\/\/contarini.net\/de\/wp-json\/wp\/v2\/product\/39653","targetHints":{"allow":["GET"]}}],"collection":[{"href":"https:\/\/contarini.net\/de\/wp-json\/wp\/v2\/product"}],"about":[{"href":"https:\/\/contarini.net\/de\/wp-json\/wp\/v2\/types\/product"}],"wp:attachment":[{"href":"https:\/\/contarini.net\/de\/wp-json\/wp\/v2\/media?parent=39653"}],"wp:term":[{"taxonomy":"product_brand","embeddable":true,"href":"https:\/\/contarini.net\/de\/wp-json\/wp\/v2\/product_brand?post=39653"},{"taxonomy":"product_cat","embeddable":true,"href":"https:\/\/contarini.net\/de\/wp-json\/wp\/v2\/product_cat?post=39653"},{"taxonomy":"product_tag","embeddable":true,"href":"https:\/\/contarini.net\/de\/wp-json\/wp\/v2\/product_tag?post=39653"}],"curies":[{"name":"wp","href":"https:\/\/api.w.org\/{rel}","templated":true}]}}