{"id":39650,"date":"2016-09-06T17:03:15","date_gmt":"2016-09-06T15:03:15","guid":{"rendered":"https:\/\/contarini.net\/de\/produkt\/hms-de\/"},"modified":"2016-09-06T17:03:15","modified_gmt":"2016-09-06T15:03:15","slug":"hms-de","status":"publish","type":"product","link":"https:\/\/contarini.net\/de\/produkt\/hms-de\/","title":{"rendered":"ST\u00dcTZZYLINDER TYP &#8222;HMS&#8220;"},"content":{"rendered":"<p>Der St\u00fctzzylinder der Baureihe HMS-M250 mit angeschwei\u00dfter Lochplatte und Scheibe am Schaft eignet sich f\u00fcr alle Anwendungen, die eine korrekte Arbeitsposition auf dem Boden mit der Installation von zwei\/vier Zylindern, je nach Bedarf, vorsehen. Ihre Verwendung ist verschiedenartig und sie kommen insbesondere in Autokr\u00e4nen, Anh\u00e4ngern, Kastenwagen, Verkaufswagen, Wohnmobile, usw. zum Einsatz.<\/p>\n","protected":false},"excerpt":{"rendered":"<p>Der St\u00fctzzylinder der Baureihe HMS-M250 mit angeschwei\u00dfter Lochplatte und Scheibe am Schaft eignet sich f\u00fcr alle Anwendungen, die eine korrekte Arbeitsposition auf dem Boden mit der Installation von zwei\/vier Zylindern, je nach Bedarf, vorsehen. Ihre Verwendung ist verschiedenartig und sie kommen insbesondere in Autokr\u00e4nen, Anh\u00e4ngern, Kastenwagen, Verkaufswagen, Wohnmobile, usw. zum Einsatz.<\/p>\n","protected":false},"featured_media":0,"template":"","product_brand":[],"product_cat":[467],"product_tag":[],"class_list":{"0":"post-39650","1":"product","2":"type-product","3":"status-publish","5":"product_cat-standardzylinder","6":"odd","8":"first","9":"instock","10":"shipping-taxable","11":"product-type-simple"},"_links":{"self":[{"href":"https:\/\/contarini.net\/de\/wp-json\/wp\/v2\/product\/39650","targetHints":{"allow":["GET"]}}],"collection":[{"href":"https:\/\/contarini.net\/de\/wp-json\/wp\/v2\/product"}],"about":[{"href":"https:\/\/contarini.net\/de\/wp-json\/wp\/v2\/types\/product"}],"wp:attachment":[{"href":"https:\/\/contarini.net\/de\/wp-json\/wp\/v2\/media?parent=39650"}],"wp:term":[{"taxonomy":"product_brand","embeddable":true,"href":"https:\/\/contarini.net\/de\/wp-json\/wp\/v2\/product_brand?post=39650"},{"taxonomy":"product_cat","embeddable":true,"href":"https:\/\/contarini.net\/de\/wp-json\/wp\/v2\/product_cat?post=39650"},{"taxonomy":"product_tag","embeddable":true,"href":"https:\/\/contarini.net\/de\/wp-json\/wp\/v2\/product_tag?post=39650"}],"curies":[{"name":"wp","href":"https:\/\/api.w.org\/{rel}","templated":true}]}}