{"id":39641,"date":"2016-09-06T17:03:13","date_gmt":"2016-09-06T15:03:13","guid":{"rendered":"https:\/\/contarini.net\/de\/produkt\/hm0lm-de\/"},"modified":"2016-09-06T17:03:13","modified_gmt":"2016-09-06T15:03:13","slug":"hm0lm-de","status":"publish","type":"product","link":"https:\/\/contarini.net\/de\/produkt\/hm0lm-de\/","title":{"rendered":"DOPPELWIRKENDER STANDARDZYLINDER TYP &#8222;HM0LM&#8220;"},"content":{"rendered":"<p>Der doppelwirkende Hydraulikzylinder Serie HM0LM-C200 mit geschwei\u00dften Boden und ohne Befestigungen ist in dem Mobil-und Agrarbereich besonders gefragt. Zuverl\u00e4\u00dfigkeit, Leichtigkeit und eingeschr\u00e4nkte Gesamteinbaul\u00e4nge sind die Hauptmerkmale. Wir weisen ca. 70 Artikel in 4 verschiedenen Durchmessern auf. Die Lagerverf\u00fcgbarkeit ist von ca. 1000 Stk.<\/p>\n","protected":false},"excerpt":{"rendered":"<p>Der doppelwirkende Hydraulikzylinder Serie HM0LM-C200 mit geschwei\u00dften Boden und ohne Befestigungen ist in dem Mobil-und Agrarbereich besonders gefragt. Zuverl\u00e4\u00dfigkeit, Leichtigkeit und eingeschr\u00e4nkte Gesamteinbaul\u00e4nge sind die Hauptmerkmale. Wir weisen ca. 70 Artikel in 4 verschiedenen Durchmessern auf. Die Lagerverf\u00fcgbarkeit ist von ca. 1000 Stk.<\/p>\n","protected":false},"featured_media":0,"template":"","product_brand":[],"product_cat":[467],"product_tag":[],"class_list":{"0":"post-39641","1":"product","2":"type-product","3":"status-publish","5":"product_cat-standardzylinder","6":"odd","8":"first","9":"instock","10":"shipping-taxable","11":"product-type-simple"},"_links":{"self":[{"href":"https:\/\/contarini.net\/de\/wp-json\/wp\/v2\/product\/39641","targetHints":{"allow":["GET"]}}],"collection":[{"href":"https:\/\/contarini.net\/de\/wp-json\/wp\/v2\/product"}],"about":[{"href":"https:\/\/contarini.net\/de\/wp-json\/wp\/v2\/types\/product"}],"wp:attachment":[{"href":"https:\/\/contarini.net\/de\/wp-json\/wp\/v2\/media?parent=39641"}],"wp:term":[{"taxonomy":"product_brand","embeddable":true,"href":"https:\/\/contarini.net\/de\/wp-json\/wp\/v2\/product_brand?post=39641"},{"taxonomy":"product_cat","embeddable":true,"href":"https:\/\/contarini.net\/de\/wp-json\/wp\/v2\/product_cat?post=39641"},{"taxonomy":"product_tag","embeddable":true,"href":"https:\/\/contarini.net\/de\/wp-json\/wp\/v2\/product_tag?post=39641"}],"curies":[{"name":"wp","href":"https:\/\/api.w.org\/{rel}","templated":true}]}}