{"id":39638,"date":"2016-09-06T17:03:12","date_gmt":"2016-09-06T15:03:12","guid":{"rendered":"https:\/\/contarini.net\/de\/produkt\/hm0-de\/"},"modified":"2016-09-06T17:03:13","modified_gmt":"2016-09-06T15:03:13","slug":"hm0-de","status":"publish","type":"product","link":"https:\/\/contarini.net\/de\/produkt\/hm0-de\/","title":{"rendered":"DOPPELWIRKENDER STANDARDZYLINDER TYP &#8222;HM0&#8220;"},"content":{"rendered":"<p>Der doppelwirkende Hydraulikzylinder Serie HM0-M250 mit geschwei\u00dften Boden und ohne Befestigungen ist in dem Mobil- und Agrarbereich besonders gefragt. Zuverl\u00e4\u00dfigkeit und Flexibilit\u00e4t sind die Hauptmerkmale. Wir weisen ca. 200 Artikel in 10 verschiedenen Durchmessern auf und verf\u00fcgen \u00fcber ca. 10.000 Stk. am Lager versandbereit<\/p>\n","protected":false},"excerpt":{"rendered":"<p>Der doppelwirkende Hydraulikzylinder Serie HM0-M250 mit geschwei\u00dften Boden und ohne Befestigungen ist in dem Mobil- und Agrarbereich besonders gefragt. Zuverl\u00e4\u00dfigkeit und Flexibilit\u00e4t sind die Hauptmerkmale. Wir weisen ca. 200 Artikel in 10 verschiedenen Durchmessern auf und verf\u00fcgen \u00fcber ca. 10.000 Stk. am Lager versandbereit<\/p>\n","protected":false},"featured_media":0,"template":"","product_brand":[],"product_cat":[467],"product_tag":[],"class_list":{"0":"post-39638","1":"product","2":"type-product","3":"status-publish","5":"product_cat-standardzylinder","6":"odd","8":"first","9":"instock","10":"shipping-taxable","11":"product-type-simple"},"_links":{"self":[{"href":"https:\/\/contarini.net\/de\/wp-json\/wp\/v2\/product\/39638","targetHints":{"allow":["GET"]}}],"collection":[{"href":"https:\/\/contarini.net\/de\/wp-json\/wp\/v2\/product"}],"about":[{"href":"https:\/\/contarini.net\/de\/wp-json\/wp\/v2\/types\/product"}],"wp:attachment":[{"href":"https:\/\/contarini.net\/de\/wp-json\/wp\/v2\/media?parent=39638"}],"wp:term":[{"taxonomy":"product_brand","embeddable":true,"href":"https:\/\/contarini.net\/de\/wp-json\/wp\/v2\/product_brand?post=39638"},{"taxonomy":"product_cat","embeddable":true,"href":"https:\/\/contarini.net\/de\/wp-json\/wp\/v2\/product_cat?post=39638"},{"taxonomy":"product_tag","embeddable":true,"href":"https:\/\/contarini.net\/de\/wp-json\/wp\/v2\/product_tag?post=39638"}],"curies":[{"name":"wp","href":"https:\/\/api.w.org\/{rel}","templated":true}]}}