{"id":109044,"date":"2024-05-07T09:06:33","date_gmt":"2024-05-07T07:06:33","guid":{"rendered":"https:\/\/contarini.net\/product\/gkgctfs-de\/"},"modified":"2024-05-07T09:06:33","modified_gmt":"2024-05-07T07:06:33","slug":"gkgctfs-de","status":"publish","type":"product","link":"https:\/\/contarini.net\/de\/produkt\/gkgctfs-de\/","title":{"rendered":"DICHTS\u00c4TZE F\u00dcR KOLBEN CTFS TYP GKGCTFS"},"content":{"rendered":"<p>Dichtsatz der Serie GKGCTFS f\u00fcr die CONTARINI Standard-Kolben mit Gewinde der Serie CTFS<\/p>\n","protected":false},"excerpt":{"rendered":"<p>Dichtsatz der Serie GKGCTFS f\u00fcr die CONTARINI Standard-Kolben mit Gewinde der Serie CTFS<\/p>\n","protected":false},"featured_media":0,"template":"","product_brand":[],"product_cat":[525],"product_tag":[],"class_list":{"0":"post-109044","1":"product","2":"type-product","3":"status-publish","5":"product_cat-dichtsaetze","6":"odd","8":"first","9":"instock","10":"shipping-taxable","11":"product-type-simple"},"_links":{"self":[{"href":"https:\/\/contarini.net\/de\/wp-json\/wp\/v2\/product\/109044","targetHints":{"allow":["GET"]}}],"collection":[{"href":"https:\/\/contarini.net\/de\/wp-json\/wp\/v2\/product"}],"about":[{"href":"https:\/\/contarini.net\/de\/wp-json\/wp\/v2\/types\/product"}],"wp:attachment":[{"href":"https:\/\/contarini.net\/de\/wp-json\/wp\/v2\/media?parent=109044"}],"wp:term":[{"taxonomy":"product_brand","embeddable":true,"href":"https:\/\/contarini.net\/de\/wp-json\/wp\/v2\/product_brand?post=109044"},{"taxonomy":"product_cat","embeddable":true,"href":"https:\/\/contarini.net\/de\/wp-json\/wp\/v2\/product_cat?post=109044"},{"taxonomy":"product_tag","embeddable":true,"href":"https:\/\/contarini.net\/de\/wp-json\/wp\/v2\/product_tag?post=109044"}],"curies":[{"name":"wp","href":"https:\/\/api.w.org\/{rel}","templated":true}]}}