{"id":109041,"date":"2024-05-07T09:06:29","date_gmt":"2024-05-07T07:06:30","guid":{"rendered":"https:\/\/contarini.net\/product\/gkgcga-de\/"},"modified":"2024-05-07T09:06:30","modified_gmt":"2024-05-07T07:06:30","slug":"gkgcga-de","status":"publish","type":"product","link":"https:\/\/contarini.net\/de\/produkt\/gkgcga-de\/","title":{"rendered":"DICHTS\u00c4TZE F\u00dcR KOLBENSTANGENF\u00dcHRUNG CGA TYP GKGCGA"},"content":{"rendered":"<p>Dichtsatz der Serie GKGCGA f\u00fcr die CONTARINI Standard-Kolbenstangenf\u00fchrung der Serie CGA<\/p>\n","protected":false},"excerpt":{"rendered":"<p>Dichtsatz der Serie GKGCGA f\u00fcr die CONTARINI Standard-Kolbenstangenf\u00fchrung der Serie CGA<\/p>\n","protected":false},"featured_media":0,"template":"","product_brand":[],"product_cat":[525,525],"product_tag":[],"class_list":{"0":"post-109041","1":"product","2":"type-product","3":"status-publish","5":"product_cat-dichtsaetze","7":"odd","9":"first","10":"instock","11":"shipping-taxable","12":"product-type-variable"},"_links":{"self":[{"href":"https:\/\/contarini.net\/de\/wp-json\/wp\/v2\/product\/109041","targetHints":{"allow":["GET"]}}],"collection":[{"href":"https:\/\/contarini.net\/de\/wp-json\/wp\/v2\/product"}],"about":[{"href":"https:\/\/contarini.net\/de\/wp-json\/wp\/v2\/types\/product"}],"wp:attachment":[{"href":"https:\/\/contarini.net\/de\/wp-json\/wp\/v2\/media?parent=109041"}],"wp:term":[{"taxonomy":"product_brand","embeddable":true,"href":"https:\/\/contarini.net\/de\/wp-json\/wp\/v2\/product_brand?post=109041"},{"taxonomy":"product_cat","embeddable":true,"href":"https:\/\/contarini.net\/de\/wp-json\/wp\/v2\/product_cat?post=109041"},{"taxonomy":"product_tag","embeddable":true,"href":"https:\/\/contarini.net\/de\/wp-json\/wp\/v2\/product_tag?post=109041"}],"curies":[{"name":"wp","href":"https:\/\/api.w.org\/{rel}","templated":true}]}}