{"id":109026,"date":"2024-05-07T09:06:12","date_gmt":"2024-05-07T07:06:12","guid":{"rendered":"https:\/\/contarini.net\/product\/fra-de\/"},"modified":"2024-05-07T09:06:12","modified_gmt":"2024-05-07T07:06:12","slug":"fra-de","status":"publish","type":"product","link":"https:\/\/contarini.net\/de\/produkt\/fra-de\/","title":{"rendered":"HALBGETAUCHTE R\u00dcCKLAUFFILTER TYP FRA"},"content":{"rendered":"<p>Der halbgetauchte R\u00fccklauffilter der Serie FRA erm\u00f6glicht die Filterung des \u00d6ls in der R\u00fccklaufphase der Hydraulikanlage zum Tank. Im Allgemeinen wird er auf der Abdeckung des Tanks befestigt, wobei ein Teil des Filters selbst hineingetaucht wird.<\/p>\n","protected":false},"excerpt":{"rendered":"<p>Der halbgetauchte R\u00fccklauffilter der Serie FRA erm\u00f6glicht die Filterung des \u00d6ls in der R\u00fccklaufphase der Hydraulikanlage zum Tank. Im Allgemeinen wird er auf der Abdeckung des Tanks befestigt, wobei ein Teil des Filters selbst hineingetaucht wird.<\/p>\n","protected":false},"featured_media":0,"template":"","product_brand":[],"product_cat":[594],"product_tag":[],"class_list":{"0":"post-109026","1":"product","2":"type-product","3":"status-publish","5":"product_cat-filter-und-zubehoere","6":"odd","8":"first","9":"instock","10":"shipping-taxable","11":"product-type-simple"},"_links":{"self":[{"href":"https:\/\/contarini.net\/de\/wp-json\/wp\/v2\/product\/109026","targetHints":{"allow":["GET"]}}],"collection":[{"href":"https:\/\/contarini.net\/de\/wp-json\/wp\/v2\/product"}],"about":[{"href":"https:\/\/contarini.net\/de\/wp-json\/wp\/v2\/types\/product"}],"wp:attachment":[{"href":"https:\/\/contarini.net\/de\/wp-json\/wp\/v2\/media?parent=109026"}],"wp:term":[{"taxonomy":"product_brand","embeddable":true,"href":"https:\/\/contarini.net\/de\/wp-json\/wp\/v2\/product_brand?post=109026"},{"taxonomy":"product_cat","embeddable":true,"href":"https:\/\/contarini.net\/de\/wp-json\/wp\/v2\/product_cat?post=109026"},{"taxonomy":"product_tag","embeddable":true,"href":"https:\/\/contarini.net\/de\/wp-json\/wp\/v2\/product_tag?post=109026"}],"curies":[{"name":"wp","href":"https:\/\/api.w.org\/{rel}","templated":true}]}}