{"id":109023,"date":"2024-05-07T09:06:09","date_gmt":"2024-05-07T07:06:09","guid":{"rendered":"https:\/\/contarini.net\/product\/esa-de\/"},"modified":"2024-05-07T09:06:09","modified_gmt":"2024-05-07T07:06:09","slug":"esa-de","status":"publish","type":"product","link":"https:\/\/contarini.net\/de\/produkt\/esa-de\/","title":{"rendered":"GETAUCHTE SAUGFILTER TYP ESA"},"content":{"rendered":"<p>Der getauchte Saugfilter der Serie ESA mit Gewindeanschluss erm\u00f6glicht die Filterung des \u00d6ls in der Ansaugphase der Pumpe. Filterverm\u00f6gen von mindestens 90 Mikron bis zu maximal 30 Mikron (gr\u00f6\u00dfere Filterung). Mit Hydraulik\u00f6len f\u00fcr ISO 2943 kompatibel.<\/p>\n","protected":false},"excerpt":{"rendered":"<p>Der getauchte Saugfilter der Serie ESA mit Gewindeanschluss erm\u00f6glicht die Filterung des \u00d6ls in der Ansaugphase der Pumpe. Filterverm\u00f6gen von mindestens 90 Mikron bis zu maximal 30 Mikron (gr\u00f6\u00dfere Filterung). Mit Hydraulik\u00f6len f\u00fcr ISO 2943 kompatibel.<\/p>\n","protected":false},"featured_media":0,"template":"","product_brand":[],"product_cat":[594],"product_tag":[],"class_list":{"0":"post-109023","1":"product","2":"type-product","3":"status-publish","5":"product_cat-filter-und-zubehoere","6":"odd","8":"first","9":"instock","10":"shipping-taxable","11":"product-type-simple"},"_links":{"self":[{"href":"https:\/\/contarini.net\/de\/wp-json\/wp\/v2\/product\/109023","targetHints":{"allow":["GET"]}}],"collection":[{"href":"https:\/\/contarini.net\/de\/wp-json\/wp\/v2\/product"}],"about":[{"href":"https:\/\/contarini.net\/de\/wp-json\/wp\/v2\/types\/product"}],"wp:attachment":[{"href":"https:\/\/contarini.net\/de\/wp-json\/wp\/v2\/media?parent=109023"}],"wp:term":[{"taxonomy":"product_brand","embeddable":true,"href":"https:\/\/contarini.net\/de\/wp-json\/wp\/v2\/product_brand?post=109023"},{"taxonomy":"product_cat","embeddable":true,"href":"https:\/\/contarini.net\/de\/wp-json\/wp\/v2\/product_cat?post=109023"},{"taxonomy":"product_tag","embeddable":true,"href":"https:\/\/contarini.net\/de\/wp-json\/wp\/v2\/product_tag?post=109023"}],"curies":[{"name":"wp","href":"https:\/\/api.w.org\/{rel}","templated":true}]}}