{"id":109017,"date":"2024-05-07T09:06:01","date_gmt":"2024-05-07T07:06:01","guid":{"rendered":"https:\/\/contarini.net\/product\/bse-de\/"},"modified":"2024-05-07T09:06:01","modified_gmt":"2024-05-07T07:06:01","slug":"bse-de","status":"publish","type":"product","link":"https:\/\/contarini.net\/de\/produkt\/bse-de\/","title":{"rendered":"KOPF F\u00dcR FILTER TYP BSE"},"content":{"rendered":"<p>Der Filterkopf der Serie BSE ist f\u00fcr die Montage der Kartuschen vom Typ ESE vorbereitet. Der Kopf bildet gemeinsam mit der Kartusche den vollst\u00e4ndigen Ansaugfilter vom Typ FSE.<\/p>\n","protected":false},"excerpt":{"rendered":"<p>Der Filterkopf der Serie BSE ist f\u00fcr die Montage der Kartuschen vom Typ ESE vorbereitet. Der Kopf bildet gemeinsam mit der Kartusche den vollst\u00e4ndigen Ansaugfilter vom Typ FSE.<\/p>\n","protected":false},"featured_media":0,"template":"","product_brand":[],"product_cat":[594],"product_tag":[],"class_list":{"0":"post-109017","1":"product","2":"type-product","3":"status-publish","5":"product_cat-filter-und-zubehoere","6":"odd","8":"first","9":"instock","10":"shipping-taxable","11":"product-type-simple"},"_links":{"self":[{"href":"https:\/\/contarini.net\/de\/wp-json\/wp\/v2\/product\/109017","targetHints":{"allow":["GET"]}}],"collection":[{"href":"https:\/\/contarini.net\/de\/wp-json\/wp\/v2\/product"}],"about":[{"href":"https:\/\/contarini.net\/de\/wp-json\/wp\/v2\/types\/product"}],"wp:attachment":[{"href":"https:\/\/contarini.net\/de\/wp-json\/wp\/v2\/media?parent=109017"}],"wp:term":[{"taxonomy":"product_brand","embeddable":true,"href":"https:\/\/contarini.net\/de\/wp-json\/wp\/v2\/product_brand?post=109017"},{"taxonomy":"product_cat","embeddable":true,"href":"https:\/\/contarini.net\/de\/wp-json\/wp\/v2\/product_cat?post=109017"},{"taxonomy":"product_tag","embeddable":true,"href":"https:\/\/contarini.net\/de\/wp-json\/wp\/v2\/product_tag?post=109017"}],"curies":[{"name":"wp","href":"https:\/\/api.w.org\/{rel}","templated":true}]}}