{"id":109014,"date":"2024-05-07T09:05:56","date_gmt":"2024-05-07T07:05:56","guid":{"rendered":"https:\/\/contarini.net\/product\/fse-de\/"},"modified":"2024-05-07T09:05:56","modified_gmt":"2024-05-07T07:05:56","slug":"fse-de","status":"publish","type":"product","link":"https:\/\/contarini.net\/de\/produkt\/fse-de\/","title":{"rendered":"SAUGFILTER &#8222;SPIN-ON&#8220;- KOMPLETTER FILTERTYP FSE"},"content":{"rendered":"<p>Der Saugfilter der Serie FSE mit festgeschraubter Kartusche vom Typ &#8222;SPIN-ON&#8220; erm\u00f6glicht die Filterung des \u00d6ls in der Ansaugphase der Pumpe. Filterverm\u00f6gen von mindestens 90 Mikron bis zu maximal 10 Mikron absolut (gr\u00f6\u00dfere Filterung). Mit Hydraulik\u00f6len f\u00fcr ISO 2943 kompatibel. Maximaler Betriebsdruck 10 bar.<\/p>\n","protected":false},"excerpt":{"rendered":"<p>Der Saugfilter der Serie FSE mit festgeschraubter Kartusche vom Typ &#8222;SPIN-ON&#8220; erm\u00f6glicht die Filterung des \u00d6ls in der Ansaugphase der Pumpe. Filterverm\u00f6gen von mindestens 90 Mikron bis zu maximal 10 Mikron absolut (gr\u00f6\u00dfere Filterung). Mit Hydraulik\u00f6len f\u00fcr ISO 2943 kompatibel. Maximaler Betriebsdruck 10 bar.<\/p>\n","protected":false},"featured_media":0,"template":"","product_brand":[],"product_cat":[594],"product_tag":[],"class_list":{"0":"post-109014","1":"product","2":"type-product","3":"status-publish","5":"product_cat-filter-und-zubehoere","6":"odd","8":"first","9":"instock","10":"shipping-taxable","11":"product-type-simple"},"_links":{"self":[{"href":"https:\/\/contarini.net\/de\/wp-json\/wp\/v2\/product\/109014","targetHints":{"allow":["GET"]}}],"collection":[{"href":"https:\/\/contarini.net\/de\/wp-json\/wp\/v2\/product"}],"about":[{"href":"https:\/\/contarini.net\/de\/wp-json\/wp\/v2\/types\/product"}],"wp:attachment":[{"href":"https:\/\/contarini.net\/de\/wp-json\/wp\/v2\/media?parent=109014"}],"wp:term":[{"taxonomy":"product_brand","embeddable":true,"href":"https:\/\/contarini.net\/de\/wp-json\/wp\/v2\/product_brand?post=109014"},{"taxonomy":"product_cat","embeddable":true,"href":"https:\/\/contarini.net\/de\/wp-json\/wp\/v2\/product_cat?post=109014"},{"taxonomy":"product_tag","embeddable":true,"href":"https:\/\/contarini.net\/de\/wp-json\/wp\/v2\/product_tag?post=109014"}],"curies":[{"name":"wp","href":"https:\/\/api.w.org\/{rel}","templated":true}]}}