{"id":106007,"date":"2022-09-26T15:17:46","date_gmt":"2022-09-26T13:17:46","guid":{"rendered":"https:\/\/contarini.net\/de\/produkt\/2sn-two-de\/"},"modified":"2022-09-26T15:17:46","modified_gmt":"2022-09-26T13:17:46","slug":"2sn-two-de","status":"publish","type":"product","link":"https:\/\/contarini.net\/de\/produkt\/2sn-two-de\/","title":{"rendered":"HYDRAULIKSCHLAUCH SAE 100 R2AT-EN 853-2SN TYP 2SN-Two"},"content":{"rendered":"<p>Der Hydraulikschlauch mit Geflecht gem\u00e4\u00df Spezifikation SAE 100 R2AT DIN-EN 853-2SN findet weitreichende Anwendung im Hydrauliksektor, f\u00fcr Drucke die von 80 bis 400 bar reichen. Bei der Montage der Anschl\u00fcsse ist es nicht n\u00f6tig, ein \u201eSch\u00e4lverfahren\u201c durchzuf\u00fchren.<\/p>\n","protected":false},"excerpt":{"rendered":"<p>Der Hydraulikschlauch mit Geflecht gem\u00e4\u00df Spezifikation SAE 100 R2AT DIN-EN 853-2SN findet weitreichende Anwendung im Hydrauliksektor, f\u00fcr Drucke die von 80 bis 400 bar reichen. Bei der Montage der Anschl\u00fcsse ist es nicht n\u00f6tig, ein \u201eSch\u00e4lverfahren\u201c durchzuf\u00fchren.<\/p>\n","protected":false},"featured_media":0,"template":"","product_brand":[],"product_cat":[603],"product_tag":[],"class_list":{"0":"post-106007","1":"product","2":"type-product","3":"status-publish","5":"product_cat-hydraulikschlaeuche","6":"odd","8":"first","9":"instock","10":"shipping-taxable","11":"product-type-simple"},"_links":{"self":[{"href":"https:\/\/contarini.net\/de\/wp-json\/wp\/v2\/product\/106007","targetHints":{"allow":["GET"]}}],"collection":[{"href":"https:\/\/contarini.net\/de\/wp-json\/wp\/v2\/product"}],"about":[{"href":"https:\/\/contarini.net\/de\/wp-json\/wp\/v2\/types\/product"}],"wp:attachment":[{"href":"https:\/\/contarini.net\/de\/wp-json\/wp\/v2\/media?parent=106007"}],"wp:term":[{"taxonomy":"product_brand","embeddable":true,"href":"https:\/\/contarini.net\/de\/wp-json\/wp\/v2\/product_brand?post=106007"},{"taxonomy":"product_cat","embeddable":true,"href":"https:\/\/contarini.net\/de\/wp-json\/wp\/v2\/product_cat?post=106007"},{"taxonomy":"product_tag","embeddable":true,"href":"https:\/\/contarini.net\/de\/wp-json\/wp\/v2\/product_tag?post=106007"}],"curies":[{"name":"wp","href":"https:\/\/api.w.org\/{rel}","templated":true}]}}