{"id":106004,"date":"2022-09-26T15:17:43","date_gmt":"2022-09-26T13:17:43","guid":{"rendered":"https:\/\/contarini.net\/de\/produkt\/1sn-one-de\/"},"modified":"2022-09-26T15:17:43","modified_gmt":"2022-09-26T13:17:43","slug":"1sn-one-de","status":"publish","type":"product","link":"https:\/\/contarini.net\/de\/produkt\/1sn-one-de\/","title":{"rendered":"HYDRAULIKSCHLAUCH SAE 100 R1AT-EN 853-1SN TYP 1SN-One"},"content":{"rendered":"<p>Der Hydraulikschlauch mit Geflecht gem\u00e4\u00df Spezifikation SAE 100 R1AT DIN-EN 853-1SN findet weitreichende Anwendung im Hydrauliksektor, f\u00fcr Drucke die von 40 bis 200 bar reichen. Bei der Montage der Anschl\u00fcsse ist es nicht n\u00f6tig, ein \u201eSch\u00e4lverfahren\u201c durchzuf\u00fchren.<\/p>\n","protected":false},"excerpt":{"rendered":"<p>Der Hydraulikschlauch mit Geflecht gem\u00e4\u00df Spezifikation SAE 100 R1AT DIN-EN 853-1SN findet weitreichende Anwendung im Hydrauliksektor, f\u00fcr Drucke die von 40 bis 200 bar reichen. Bei der Montage der Anschl\u00fcsse ist es nicht n\u00f6tig, ein \u201eSch\u00e4lverfahren\u201c durchzuf\u00fchren.<\/p>\n","protected":false},"featured_media":0,"template":"","product_brand":[],"product_cat":[603],"product_tag":[],"class_list":{"0":"post-106004","1":"product","2":"type-product","3":"status-publish","5":"product_cat-hydraulikschlaeuche","6":"odd","8":"first","9":"instock","10":"shipping-taxable","11":"product-type-simple"},"_links":{"self":[{"href":"https:\/\/contarini.net\/de\/wp-json\/wp\/v2\/product\/106004","targetHints":{"allow":["GET"]}}],"collection":[{"href":"https:\/\/contarini.net\/de\/wp-json\/wp\/v2\/product"}],"about":[{"href":"https:\/\/contarini.net\/de\/wp-json\/wp\/v2\/types\/product"}],"wp:attachment":[{"href":"https:\/\/contarini.net\/de\/wp-json\/wp\/v2\/media?parent=106004"}],"wp:term":[{"taxonomy":"product_brand","embeddable":true,"href":"https:\/\/contarini.net\/de\/wp-json\/wp\/v2\/product_brand?post=106004"},{"taxonomy":"product_cat","embeddable":true,"href":"https:\/\/contarini.net\/de\/wp-json\/wp\/v2\/product_cat?post=106004"},{"taxonomy":"product_tag","embeddable":true,"href":"https:\/\/contarini.net\/de\/wp-json\/wp\/v2\/product_tag?post=106004"}],"curies":[{"name":"wp","href":"https:\/\/api.w.org\/{rel}","templated":true}]}}