{"id":106001,"date":"2022-09-26T15:17:39","date_gmt":"2022-09-26T13:17:39","guid":{"rendered":"https:\/\/contarini.net\/de\/produkt\/mg3-g-de\/"},"modified":"2022-09-26T15:17:39","modified_gmt":"2022-09-26T13:17:39","slug":"mg3-g-de","status":"publish","type":"product","link":"https:\/\/contarini.net\/de\/produkt\/mg3-g-de\/","title":{"rendered":"ZAHNRADMOTOR TYP MG3-G"},"content":{"rendered":"<p>Die Motoren aus der MS-Baureihe sehen folgende Gruppen, Hubr\u00e4ume und H\u00f6chstdr\u00fccke vor: BG 2: von 4 bis 26 cm\u00b3\/U. &#8211; Max.  Druck 270 bar,  BG 3: von 19 bis 62 cm\u00b3\/U. &#8211; Max. Druck 270 bar.  F\u00fcr die Motoren der BG 2 und der BG 3 sind Ausf\u00fchrungen mit Flanschen und Deckeln aus Guss auch verf\u00fcgbar. Diese L\u00f6sung erm\u00f6glicht, die H\u00f6chstdr\u00fccke bis zu 320 bar zu erh\u00f6hen und das L\u00e4rm zu reduzieren. Das hydrostatische Auswuchten berichtig den Axialspalt der Zahnr\u00e4der.  Die Motoren aus der MS-Baureihe werden in den einund beidseitig drehenden Ausf\u00fchrungen produziert.  Durchschnittlicher volumetrischer Wirkungsgrad: 95%.  Die Schmierung der Tr\u00e4gerbuchsen ist automatisch und zum benutzten Arbeitsdruck proportional.<br \/>\nFlanschen und Wellen sind miteinander austauschbar.  Bei allen Gruppen k\u00f6nnen Deckel komplett mit Druckbegrenzungsventil montiert werden.  Bei den einseitig drehenden Motoren aus der BG 2 ist die Ausf\u00fchrung mit 2 Geschwindigkeiten und Duckbegrenzungsventil vorgesehen.<\/p>\n","protected":false},"excerpt":{"rendered":"<p>Die Motoren aus der MS-Baureihe sehen folgende Gruppen, Hubr\u00e4ume und H\u00f6chstdr\u00fccke vor: BG 2: von 4 bis 26 cm\u00b3\/U. &#8211; Max. Druck 270 bar, BG 3: von 19 bis 62 cm\u00b3\/U. &#8211; Max. Druck 270 bar. F\u00fcr die Motoren der BG 2 und der BG 3 sind Ausf\u00fchrungen mit Flanschen und Deckeln aus Guss auch verf\u00fcgbar. Diese L\u00f6sung erm\u00f6glicht, die [&hellip;]<\/p>\n","protected":false},"featured_media":0,"template":"","product_brand":[],"product_cat":[579],"product_tag":[],"class_list":{"0":"post-106001","1":"product","2":"type-product","3":"status-publish","5":"product_cat-einseitig-gerichtere-zahnradmotoren","6":"odd","8":"first","9":"instock","10":"shipping-taxable","11":"product-type-simple"},"_links":{"self":[{"href":"https:\/\/contarini.net\/de\/wp-json\/wp\/v2\/product\/106001","targetHints":{"allow":["GET"]}}],"collection":[{"href":"https:\/\/contarini.net\/de\/wp-json\/wp\/v2\/product"}],"about":[{"href":"https:\/\/contarini.net\/de\/wp-json\/wp\/v2\/types\/product"}],"wp:attachment":[{"href":"https:\/\/contarini.net\/de\/wp-json\/wp\/v2\/media?parent=106001"}],"wp:term":[{"taxonomy":"product_brand","embeddable":true,"href":"https:\/\/contarini.net\/de\/wp-json\/wp\/v2\/product_brand?post=106001"},{"taxonomy":"product_cat","embeddable":true,"href":"https:\/\/contarini.net\/de\/wp-json\/wp\/v2\/product_cat?post=106001"},{"taxonomy":"product_tag","embeddable":true,"href":"https:\/\/contarini.net\/de\/wp-json\/wp\/v2\/product_tag?post=106001"}],"curies":[{"name":"wp","href":"https:\/\/api.w.org\/{rel}","templated":true}]}}