{"id":105992,"date":"2022-09-26T15:17:29","date_gmt":"2022-09-26T13:17:29","guid":{"rendered":"https:\/\/contarini.net\/de\/produkt\/vrap-de-vmp-de\/"},"modified":"2022-09-26T15:17:29","modified_gmt":"2022-09-26T13:17:29","slug":"vrap-de-vmp-de","status":"publish","type":"product","link":"https:\/\/contarini.net\/de\/produkt\/vrap-de-vmp-de\/","title":{"rendered":"PFLUGWENDEVENTIL+DVB TYP VRAP DE-VMP"},"content":{"rendered":"<p>Das doppeltwirkende Pflugwendeventil der Serie VRAP DE + VMP wird f\u00fcr umkehrbare Pfl\u00fcge eingesetzt. Es kehrt die Str\u00f6mungsrichtung des \u00d6ls automatisch um und somit auch die Bewegung des Hydraulikzylinders, der den Pflug dreht. Es verf\u00fcgt \u00fcber ein doppeltwirksames Sperrventil, das eine erh\u00f6hte Sicherheit bietet und eine Blockade des Zylinders in jeder beliebigen Position m\u00f6glich macht. Diese Ausf\u00fchrung ist mit einem zus\u00e4tzlichen Druckbegrenzungsventil ausgestattet.  Die Umkehr der Bewegung der Kolbenstange wird mithilfe eines Druckbegrenzungsventils exakt im Totpunkt des Pfluges erzielt, wodurch eine h\u00f6here Leistung und Geschwindigkeit erreicht werden. Dieses Ventil kann auch an schweren und aus dem Gleichgewicht gekommenen Pfl\u00fcgen mit Zylindern der folgenden Innendurchmesser montiert werden: 40\/50, 60\/80, 80\/100, 100\/110 e 110\/130 mm<\/p>\n","protected":false},"excerpt":{"rendered":"<p>Das doppeltwirkende Pflugwendeventil der Serie VRAP DE + VMP wird f\u00fcr umkehrbare Pfl\u00fcge eingesetzt. Es kehrt die Str\u00f6mungsrichtung des \u00d6ls automatisch um und somit auch die Bewegung des Hydraulikzylinders, der den Pflug dreht. Es verf\u00fcgt \u00fcber ein doppeltwirksames Sperrventil, das eine erh\u00f6hte Sicherheit bietet und eine Blockade des Zylinders in jeder beliebigen Position m\u00f6glich macht. Diese Ausf\u00fchrung ist mit einem [&hellip;]<\/p>\n","protected":false},"featured_media":0,"template":"","product_brand":[],"product_cat":[561],"product_tag":[],"class_list":{"0":"post-105992","1":"product","2":"type-product","3":"status-publish","5":"product_cat-verschiendene-hydraulikventile","6":"odd","8":"first","9":"instock","10":"shipping-taxable","11":"product-type-simple"},"_links":{"self":[{"href":"https:\/\/contarini.net\/de\/wp-json\/wp\/v2\/product\/105992","targetHints":{"allow":["GET"]}}],"collection":[{"href":"https:\/\/contarini.net\/de\/wp-json\/wp\/v2\/product"}],"about":[{"href":"https:\/\/contarini.net\/de\/wp-json\/wp\/v2\/types\/product"}],"wp:attachment":[{"href":"https:\/\/contarini.net\/de\/wp-json\/wp\/v2\/media?parent=105992"}],"wp:term":[{"taxonomy":"product_brand","embeddable":true,"href":"https:\/\/contarini.net\/de\/wp-json\/wp\/v2\/product_brand?post=105992"},{"taxonomy":"product_cat","embeddable":true,"href":"https:\/\/contarini.net\/de\/wp-json\/wp\/v2\/product_cat?post=105992"},{"taxonomy":"product_tag","embeddable":true,"href":"https:\/\/contarini.net\/de\/wp-json\/wp\/v2\/product_tag?post=105992"}],"curies":[{"name":"wp","href":"https:\/\/api.w.org\/{rel}","templated":true}]}}