{"id":105989,"date":"2022-09-26T15:17:25","date_gmt":"2022-09-26T13:17:25","guid":{"rendered":"https:\/\/contarini.net\/de\/produkt\/vbcdf-de-ms-de\/"},"modified":"2022-09-26T15:17:25","modified_gmt":"2022-09-26T13:17:25","slug":"vbcdf-de-ms-de","status":"publish","type":"product","link":"https:\/\/contarini.net\/de\/produkt\/vbcdf-de-ms-de\/","title":{"rendered":"SENKBREMSVENTIL F\u00dcR MOTOREN MPS-MCS TYP VBCDF DE (MS)"},"content":{"rendered":"<p>Das doppelwirkende Senkbremsventil f\u00fcr Motoren MS der Serie VBCDF-DE (MS) wird verwendet, um die Bewegung und die Sperre des Stellantriebs in einer einzigen Richtung (einfachwirkend) oder in beide Richtungen (doppelwirkend) zu kontrollieren, wobei die folgenden Funktionen ausgef\u00fchrt werden: \u2022 Kontrollierte Abw\u00e4rtsbewegung der Last, die nicht durch das eigene Gewicht getrieben entweicht, da das Ventil keine Kavitation des Stellantriebs zul\u00e4sst. \u2022 Beschr\u00e4nkung des maximalen Drucks im Fall von St\u00f6\u00dfen durch Last, \u00dcberbelastung oder pl\u00f6tzlicher Bedienung (Lastkontrolle mit einem Wegeventil mit offener Ruhestellung). Das direkte Anflanschen, geeignet f\u00fcr Motoren Danfoss der Serie OMS oder M+s Hydraulic der Serie MS garantiert maximale Sicherheit, minimale Druckverluste und Kompaktheit bei der Installation.<\/p>\n","protected":false},"excerpt":{"rendered":"<p>Das doppelwirkende Senkbremsventil f\u00fcr Motoren MS der Serie VBCDF-DE (MS) wird verwendet, um die Bewegung und die Sperre des Stellantriebs in einer einzigen Richtung (einfachwirkend) oder in beide Richtungen (doppelwirkend) zu kontrollieren, wobei die folgenden Funktionen ausgef\u00fchrt werden: \u2022 Kontrollierte Abw\u00e4rtsbewegung der Last, die nicht durch das eigene Gewicht getrieben entweicht, da das Ventil keine Kavitation des Stellantriebs zul\u00e4sst. \u2022 [&hellip;]<\/p>\n","protected":false},"featured_media":0,"template":"","product_brand":[],"product_cat":[555],"product_tag":[],"class_list":{"0":"post-105989","1":"product","2":"type-product","3":"status-publish","5":"product_cat-senkbrembsventile","6":"odd","8":"first","9":"instock","10":"shipping-taxable","11":"product-type-simple"},"_links":{"self":[{"href":"https:\/\/contarini.net\/de\/wp-json\/wp\/v2\/product\/105989","targetHints":{"allow":["GET"]}}],"collection":[{"href":"https:\/\/contarini.net\/de\/wp-json\/wp\/v2\/product"}],"about":[{"href":"https:\/\/contarini.net\/de\/wp-json\/wp\/v2\/types\/product"}],"wp:attachment":[{"href":"https:\/\/contarini.net\/de\/wp-json\/wp\/v2\/media?parent=105989"}],"wp:term":[{"taxonomy":"product_brand","embeddable":true,"href":"https:\/\/contarini.net\/de\/wp-json\/wp\/v2\/product_brand?post=105989"},{"taxonomy":"product_cat","embeddable":true,"href":"https:\/\/contarini.net\/de\/wp-json\/wp\/v2\/product_cat?post=105989"},{"taxonomy":"product_tag","embeddable":true,"href":"https:\/\/contarini.net\/de\/wp-json\/wp\/v2\/product_tag?post=105989"}],"curies":[{"name":"wp","href":"https:\/\/api.w.org\/{rel}","templated":true}]}}