{"id":105980,"date":"2022-09-26T15:17:15","date_gmt":"2022-09-26T13:17:15","guid":{"rendered":"https:\/\/contarini.net\/de\/produkt\/vbcdf-se-mp-mr-de\/"},"modified":"2022-09-26T15:17:15","modified_gmt":"2022-09-26T13:17:15","slug":"vbcdf-se-mp-mr-de","status":"publish","type":"product","link":"https:\/\/contarini.net\/de\/produkt\/vbcdf-se-mp-mr-de\/","title":{"rendered":"SENKBREMSVENTIL F\u00dcR MOTOREN MPP-MPR-MCP-MCR TYP VBCDF SE (MP-MR)"},"content":{"rendered":"<p>Das Senkbremsventil f\u00fcr Motoren MP-MR (OMP-OMR) der Serie VBCDF-SE (MP-MR) wird verwendet, um die Bewegung und die Sperre des Stellantriebs in einer einzigen Richtung (einfachwirkend) oder in beide Richtungen (doppelwirkend) zu kontrollieren, wobei die folgenden Funktionen ausgef\u00fchrt werden: \u2022 Kontrollierte Abw\u00e4rtsbewegung der Last, die nicht durch das eigene Gewicht getrieben entweicht, da das Ventil keine Kavitation des Stellantriebs zul\u00e4sst. \u2022 Beschr\u00e4nkung des maximalen Drucks im Fall von St\u00f6\u00dfen durch Last, \u00dcberbelastung oder pl\u00f6tzlicher Bedienung (Lastkontrolle mit einem Wegeventil mit offener Ruhestellung). Das direkte Anflanschen, geeignet f\u00fcr Motoren Danfoss der Serie OMP-OMR oder M+s Hydraulic der Serie MP-MR garantiert maximale Sicherheit, minimale Druckverluste und Kompaktheit bei der Installation.<\/p>\n","protected":false},"excerpt":{"rendered":"<p>Das Senkbremsventil f\u00fcr Motoren MP-MR (OMP-OMR) der Serie VBCDF-SE (MP-MR) wird verwendet, um die Bewegung und die Sperre des Stellantriebs in einer einzigen Richtung (einfachwirkend) oder in beide Richtungen (doppelwirkend) zu kontrollieren, wobei die folgenden Funktionen ausgef\u00fchrt werden: \u2022 Kontrollierte Abw\u00e4rtsbewegung der Last, die nicht durch das eigene Gewicht getrieben entweicht, da das Ventil keine Kavitation des Stellantriebs zul\u00e4sst. \u2022 [&hellip;]<\/p>\n","protected":false},"featured_media":0,"template":"","product_brand":[],"product_cat":[555],"product_tag":[],"class_list":{"0":"post-105980","1":"product","2":"type-product","3":"status-publish","5":"product_cat-senkbrembsventile","6":"odd","8":"first","9":"instock","10":"shipping-taxable","11":"product-type-simple"},"_links":{"self":[{"href":"https:\/\/contarini.net\/de\/wp-json\/wp\/v2\/product\/105980","targetHints":{"allow":["GET"]}}],"collection":[{"href":"https:\/\/contarini.net\/de\/wp-json\/wp\/v2\/product"}],"about":[{"href":"https:\/\/contarini.net\/de\/wp-json\/wp\/v2\/types\/product"}],"wp:attachment":[{"href":"https:\/\/contarini.net\/de\/wp-json\/wp\/v2\/media?parent=105980"}],"wp:term":[{"taxonomy":"product_brand","embeddable":true,"href":"https:\/\/contarini.net\/de\/wp-json\/wp\/v2\/product_brand?post=105980"},{"taxonomy":"product_cat","embeddable":true,"href":"https:\/\/contarini.net\/de\/wp-json\/wp\/v2\/product_cat?post=105980"},{"taxonomy":"product_tag","embeddable":true,"href":"https:\/\/contarini.net\/de\/wp-json\/wp\/v2\/product_tag?post=105980"}],"curies":[{"name":"wp","href":"https:\/\/api.w.org\/{rel}","templated":true}]}}