{"id":105977,"date":"2022-09-26T15:17:11","date_gmt":"2022-09-26T13:17:11","guid":{"rendered":"https:\/\/contarini.net\/de\/produkt\/pg3-g-de\/"},"modified":"2022-09-26T15:17:11","modified_gmt":"2022-09-26T13:17:11","slug":"pg3-g-de","status":"publish","type":"product","link":"https:\/\/contarini.net\/de\/produkt\/pg3-g-de\/","title":{"rendered":"ZAHNRADPUMPE TYP PG3-G"},"content":{"rendered":"<p>Die Pumpen aus der PG 3G   Baureihe sehen folgende Gruppen, Hubr\u00e4ume und H\u00f6chstdr\u00fccke vor: BG 3: von 19 bis 62 cm\u00b3\/U. &#8211; Max. Druck 300 bar.  F\u00fcr die Pumpen der BG 3 sind Ausf\u00fchrungen mit Flanschen und Deckeln aus Guss auch verf\u00fcgbar. Diese L\u00f6sung erm\u00f6glicht, die H\u00f6chstdr\u00fccke bis zu 320 bar zu erh\u00f6hen und das L\u00e4rm zu reduzieren.  Das hydrostatische Auswuchten berichtigt den Axialspalt der Zahnr\u00e4der. Durchschnittlicher volumetrischer Wirkungsgrad: 95% .     Die Schmierung der Tr\u00e4gerbuchsen ist automatisch und zum benutzten Arbeitsdruck proportional.  Flanschen und Wellen sind miteinander austauschbar.  Bei allen Gruppen k\u00f6nnen Deckel komplett mit Druckbegrenzungsventil montiert werden.<\/p>\n","protected":false},"excerpt":{"rendered":"<p>Die Pumpen aus der PG 3G Baureihe sehen folgende Gruppen, Hubr\u00e4ume und H\u00f6chstdr\u00fccke vor: BG 3: von 19 bis 62 cm\u00b3\/U. &#8211; Max. Druck 300 bar. F\u00fcr die Pumpen der BG 3 sind Ausf\u00fchrungen mit Flanschen und Deckeln aus Guss auch verf\u00fcgbar. Diese L\u00f6sung erm\u00f6glicht, die H\u00f6chstdr\u00fccke bis zu 320 bar zu erh\u00f6hen und das L\u00e4rm zu reduzieren. Das hydrostatische [&hellip;]<\/p>\n","protected":false},"featured_media":0,"template":"","product_brand":[],"product_cat":[540],"product_tag":[],"class_list":{"0":"post-105977","1":"product","2":"type-product","3":"status-publish","5":"product_cat-zahnradpumpe","6":"odd","8":"first","9":"instock","10":"shipping-taxable","11":"product-type-simple"},"_links":{"self":[{"href":"https:\/\/contarini.net\/de\/wp-json\/wp\/v2\/product\/105977","targetHints":{"allow":["GET"]}}],"collection":[{"href":"https:\/\/contarini.net\/de\/wp-json\/wp\/v2\/product"}],"about":[{"href":"https:\/\/contarini.net\/de\/wp-json\/wp\/v2\/types\/product"}],"wp:attachment":[{"href":"https:\/\/contarini.net\/de\/wp-json\/wp\/v2\/media?parent=105977"}],"wp:term":[{"taxonomy":"product_brand","embeddable":true,"href":"https:\/\/contarini.net\/de\/wp-json\/wp\/v2\/product_brand?post=105977"},{"taxonomy":"product_cat","embeddable":true,"href":"https:\/\/contarini.net\/de\/wp-json\/wp\/v2\/product_cat?post=105977"},{"taxonomy":"product_tag","embeddable":true,"href":"https:\/\/contarini.net\/de\/wp-json\/wp\/v2\/product_tag?post=105977"}],"curies":[{"name":"wp","href":"https:\/\/api.w.org\/{rel}","templated":true}]}}