{"id":90528,"date":"2020-09-30T09:18:04","date_gmt":"2020-09-30T07:18:04","guid":{"rendered":"https:\/\/contarini.net\/qualitaet-und-service\/"},"modified":"2025-06-03T15:11:42","modified_gmt":"2025-06-03T13:11:42","slug":"qualitaet-und-service","status":"publish","type":"page","link":"https:\/\/contarini.net\/de\/qualitaet-und-service\/","title":{"rendered":"Qualit\u00e4t und Service"},"content":{"rendered":"<div class=\"wpb-content-wrapper\"><p>[vc_row inner_container=&#8220;no&#8220; type=&#8220;image&#8220; bg_position_horizontal=&#8220;center&#8220; enable_parallax=&#8220;false&#8220; padding_top=&#8220;&#8220; padding_bottom=&#8220;&#8220; visibility=&#8220;hidden-xs,hidden-sm,hidden-md,hidden-lg,hidden-xlg&#8220; el_class=&#8220;header-img&#8220; bg_image=&#8220;88181&#8243;][vc_column][\/vc_column][\/vc_row][vc_row padding_top=&#8220;0&#8243; padding_bottom=&#8220;0&#8243; el_class=&#8220;mission&#8220;][vc_column][vc_row_inner][vc_column_inner el_class=&#8220;title-plus&#8220;][vc_text_separator title=&#8220;Mission&#8220; color=&#8220;custom&#8220; css=&#8220;.vc_custom_1601279712948{margin-top: 40px !important;}&#8220;][vc_column_text]<\/p>\n<h2 style=\"text-align: center;\">\u201eExzellenz erreichen durch Innovation,<br \/>\nQualit\u00e4t und Service\u201c<\/h2>\n<p>[\/vc_column_text][\/vc_column_inner][\/vc_row_inner][vc_row_inner][vc_column_inner][vc_column_text el_class=&#8220;text-block&#8220;]<strong>Erneuerung<\/strong> ist ein immerw\u00e4hrendes Ziel bei CONTARINI, Ergebnis einer st\u00e4ndigen und tiefgreifenden Forschung bei den Materialien, den Komponenten und Prozessen, die mit Hilfe der hochentwickeltesten und modernsten Arbeitsger\u00e4ten erfolgt.<\/p>\n<p>&nbsp;<\/p>\n<p>Bedingung f\u00fcr die <strong>Qualit\u00e4t<\/strong>der Produkte sind die Kontrollen und die \u00e4u\u00dferst genauen Untersuchungen, die in jeder Produktionsphase ausgef\u00fchrt werden.<\/p>\n<p>&nbsp;<\/p>\n<p>Die Zufriedenheit der Kunden wird konstant beobachtet und mit den hohen <strong>Zielsetzungen des Service<\/strong>, die sich CONTARINI vornimmt, abgeglichen.<br \/>\nDiese Gesch\u00e4ftskultur, die in allen Gesch\u00e4ftssitzen von <strong>CONTARINI<\/strong> geteilt und verbreitet wird, erm\u00f6glicht es, alle Anspr\u00fcche der Kundschaft zu befriedigen, auch die anspruchsvollsten, mit zeitgem\u00e4\u00dfen, zuverl\u00e4ssigen Produkten, die schnell lieferbar sind.<\/p>\n<p>&nbsp;<\/p>\n<p>Contarini hat ein Qualit\u00e4tsmanagementsystem ausgearbeitet und beibehalten, das mit der Norm <strong>UNI EN ISO 9001:2015<\/strong> konform ist \u2013 Entwicklung und Herstellung von \u00f6lhydraulischen Zylindern im Produktkatalog und auf Spezifikation des Kunden, Entwicklung und Herstellung von Handpumpen, Vermarktung \u00f6ldynamischer Komponenten.[\/vc_column_text][\/vc_column_inner][\/vc_row_inner][\/vc_column][\/vc_row][vc_row text_align=&#8220;center&#8220; column_gap=&#8220;no&#8220; padding_top=&#8220;0&#8243; padding_bottom=&#8220;0&#8243; el_class=&#8220;gallery&#8220;][vc_column][vc_gallery type=&#8220;grid&#8220; images=&#8220;88299,88284,88293,88302,88287,88281,101890,102065&#8243; img_size=&#8220;600&#215;400&#8243; css=&#8220;&#8220; grid_number=&#8220;4&#8243;][\/vc_column][\/vc_row][vc_row padding_top=&#8220;0&#8243; padding_bottom=&#8220;0&#8243; el_class=&#8220;mission&#8220;][vc_column][vc_row_inner][vc_column_inner el_class=&#8220;title-plus&#8220;][vc_text_separator title=&#8220;QUALIT\u00c4T&#8220; color=&#8220;custom&#8220; css=&#8220;.vc_custom_1601279721016{margin-top: 40px !important;}&#8220;][vc_column_text]<\/p>\n<h2 style=\"text-align: center;\">Qualit\u00e4tsrichtlinie<\/h2>\n<p>[\/vc_column_text][\/vc_column_inner][\/vc_row_inner][vc_row_inner][vc_column_inner][vc_column_text el_class=&#8220;text-block&#8220;]<strong>CONTARINI LEOPOLDO S.r.l.<\/strong> has decided to pursue a quality policy with the aim of guaranteeing the highest level of <strong>customer satisfaction<\/strong> through continuous improvement both of its own <strong>capacity to listen<\/strong> to the Voice of the Customer and of his own performances in the supply of products and services.[\/vc_column_text][\/vc_column_inner][\/vc_row_inner][vc_row_inner css=&#8220;.vc_custom_1601279731954{margin-bottom: 40px !important;}&#8220;][vc_column_inner width=&#8220;1\/3&#8243;][vc_column_text css=&#8220;&#8220; el_class=&#8220;doc-box&#8220;]<\/p>\n<h5 style=\"text-align: center;\">Vollst\u00e4ndiges Dokument<\/h5>\n<p style=\"text-align: center;\"><a href=\"https:\/\/download.contarini.net\/download\/Politica_QHSE_Rev.00-ENG.pdf\" target=\"_blank\" rel=\"noopener noreferrer\"><span class=\"btn download btn-primary\">Herunterladen<\/span><\/a><\/p>\n<p>[\/vc_column_text][\/vc_column_inner][vc_column_inner width=&#8220;1\/3&#8243;][vc_column_text css=&#8220;&#8220; el_class=&#8220;doc-box&#8220;]<\/p>\n<h5 style=\"text-align: center;\">Zertifiziert ISO 9001:2015<\/h5>\n<p style=\"text-align: center;\"><a href=\"https:\/\/download.contarini.net\/download\/documents\/iso9001\/UNI_EN_ISO_9001-2015_en.pdf\" target=\"_blank\" rel=\"noopener\"><span class=\"btn download btn-primary\">Herunterladen<\/span><\/a><\/p>\n<p>[\/vc_column_text][\/vc_column_inner][vc_column_inner width=&#8220;1\/3&#8243;][vc_column_text css=&#8220;&#8220; el_class=&#8220;doc-box&#8220;]<\/p>\n<h5 style=\"text-align: center;\">Zertifiziert ISO 45001:2018<\/h5>\n<p style=\"text-align: center;\"><a href=\"https:\/\/download.contarini.net\/download\/documents\/iso45001\/UNI_EN_ISO_45001-2018_en.pdf\" target=\"_blank\" rel=\"noopener\"><span class=\"btn download btn-primary\">Herunterladen<\/span><\/a><\/p>\n<p>[\/vc_column_text][\/vc_column_inner][\/vc_row_inner][\/vc_column][\/vc_row]<\/p>\n<\/div>","protected":false},"excerpt":{"rendered":"<p>[vc_row inner_container=&#8220;no&#8220; type=&#8220;image&#8220; bg_position_horizontal=&#8220;center&#8220; enable_parallax=&#8220;false&#8220; padding_top=&#8220;&#8220; padding_bottom=&#8220;&#8220; visibility=&#8220;hidden-xs,hidden-sm,hidden-md,hidden-lg,hidden-xlg&#8220; el_class=&#8220;header-img&#8220; bg_image=&#8220;88181&#8243;][vc_column][\/vc_column][\/vc_row][vc_row padding_top=&#8220;0&#8243; padding_bottom=&#8220;0&#8243; el_class=&#8220;mission&#8220;][vc_column][vc_row_inner][vc_column_inner el_class=&#8220;title-plus&#8220;][vc_text_separator title=&#8220;Mission&#8220; color=&#8220;custom&#8220; css=&#8220;.vc_custom_1601279712948{margin-top: 40px !important;}&#8220;][vc_column_text] \u201eExzellenz erreichen durch Innovation, Qualit\u00e4t und Service\u201c [\/vc_column_text][\/vc_column_inner][\/vc_row_inner][vc_row_inner][vc_column_inner][vc_column_text el_class=&#8220;text-block&#8220;]Erneuerung ist ein immerw\u00e4hrendes Ziel bei CONTARINI, Ergebnis einer st\u00e4ndigen und tiefgreifenden Forschung bei den Materialien, den Komponenten und Prozessen, die mit Hilfe der hochentwickeltesten und modernsten Arbeitsger\u00e4ten erfolgt. &nbsp; Bedingung f\u00fcr die [&hellip;]<\/p>\n","protected":false},"author":3,"featured_media":0,"parent":0,"menu_order":0,"comment_status":"closed","ping_status":"closed","template":"page-templates\/full-width.php","meta":{"_monsterinsights_skip_tracking":false,"_monsterinsights_sitenote_active":false,"_monsterinsights_sitenote_note":"","_monsterinsights_sitenote_category":0,"footnotes":""},"class_list":["post-90528","page","type-page","status-publish","hentry","odd"],"_links":{"self":[{"href":"https:\/\/contarini.net\/de\/wp-json\/wp\/v2\/pages\/90528","targetHints":{"allow":["GET"]}}],"collection":[{"href":"https:\/\/contarini.net\/de\/wp-json\/wp\/v2\/pages"}],"about":[{"href":"https:\/\/contarini.net\/de\/wp-json\/wp\/v2\/types\/page"}],"author":[{"embeddable":true,"href":"https:\/\/contarini.net\/de\/wp-json\/wp\/v2\/users\/3"}],"replies":[{"embeddable":true,"href":"https:\/\/contarini.net\/de\/wp-json\/wp\/v2\/comments?post=90528"}],"version-history":[{"count":5,"href":"https:\/\/contarini.net\/de\/wp-json\/wp\/v2\/pages\/90528\/revisions"}],"predecessor-version":[{"id":111334,"href":"https:\/\/contarini.net\/de\/wp-json\/wp\/v2\/pages\/90528\/revisions\/111334"}],"wp:attachment":[{"href":"https:\/\/contarini.net\/de\/wp-json\/wp\/v2\/media?parent=90528"}],"curies":[{"name":"wp","href":"https:\/\/api.w.org\/{rel}","templated":true}]}}