{"id":90509,"date":"2020-09-30T09:11:18","date_gmt":"2020-09-30T07:11:18","guid":{"rendered":"https:\/\/contarini.net\/produktion\/"},"modified":"2020-09-30T10:34:34","modified_gmt":"2020-09-30T08:34:34","slug":"produktion","status":"publish","type":"page","link":"https:\/\/contarini.net\/de\/produktion\/","title":{"rendered":"Produktion"},"content":{"rendered":"<div class=\"wpb-content-wrapper\"><p>[vc_row inner_container=&#8220;no&#8220; type=&#8220;image&#8220; bg_position_horizontal=&#8220;center&#8220; enable_parallax=&#8220;false&#8220; padding_top=&#8220;&#8220; padding_bottom=&#8220;&#8220; visibility=&#8220;hidden-xs,hidden-sm,hidden-md,hidden-lg,hidden-xlg&#8220; el_class=&#8220;header-img&#8220; bg_image=&#8220;88495&#8243;][vc_column][\/vc_column][\/vc_row][vc_row padding_top=&#8220;0&#8243; padding_bottom=&#8220;0&#8243; el_class=&#8220;storia&#8220;][vc_column][vc_row_inner el_class=&#8220;title-plus&#8220;][vc_column_inner][vc_text_separator title=&#8220;PRODUKTE&#8220; color=&#8220;custom&#8220; css=&#8220;.vc_custom_1601279338102{margin-top: 40px !important;}&#8220;][vc_column_text]<\/p>\n<h2><\/h2>\n<p>[\/vc_column_text][\/vc_column_inner][\/vc_row_inner][vc_row_inner equal_height=&#8220;yes&#8220; el_class=&#8220;desc-box-section&#8220;][vc_column_inner width=&#8220;1\/3&#8243;][vc_single_image image=&#8220;16071&#8243; img_size=&#8220;full&#8220;][vc_column_text el_class=&#8220;desc-box&#8220;]<\/p>\n<h3 style=\"text-align: left;\">HANDPUMPEN<\/h3>\n<p style=\"text-align: left;\">Die Handpumpen CONTARINI sind das Ergebnis der Zusammenarbeit mit dem Forschungs- und Entwicklungsteam der <strong>INTERPUMP GROUP<\/strong>.<br \/>\nAuch in diesem Fall findet vor der Herstellung eine genaueste Auswahl der <strong>Rohstoffe<\/strong> statt, und die Kontrollen w\u00e4hrend der Herstellung und danach am fertigen Produkt sind streng.<br \/>\nEin <strong>Funktionstest<\/strong> garantiert die Abwesenheit von eventuellen Abweichungen und Defekten und stellt die Performance fest.[\/vc_column_text][\/vc_column_inner][vc_column_inner width=&#8220;1\/3&#8243;][vc_single_image image=&#8220;88635&#8243; img_size=&#8220;full&#8220;][vc_column_text el_class=&#8220;desc-box&#8220;]<\/p>\n<h3 style=\"text-align: left;\">\u00d6LHYDRAULISCHE ZYLINDER UND KOMPONENTEN<\/h3>\n<p style=\"text-align: left;\"><strong>CONTARINI<\/strong> entwickelt und stellt \u00f6lhydraulische Zylinder nach <strong>Standard<\/strong> und nach <strong>Zeichnungsentwurf<\/strong> her, wobei von einer genausten Auswahl der auf dem Markt vorhanden Rohstoffe ausgegangen wird. Auf Anforderung werden <strong>Zylinder<\/strong> ab einer Bohrung von 25 mm bis hin zu 300 mm hergestellt.<br \/>\nNeben der Herstellung von Zylindern nach Zeichnungsentwurf, werden <strong>13 Serien von Standardzylindern<\/strong> hergestellt, die im Katalog erscheinen und <strong>direkt lieferbar<\/strong> sind und die h\u00e4ufigsten Anforderungen der Kundschaft befriedigen k\u00f6nnen. Ab den 70iger Jahren, ist CONTARINI der erste italienische Hersteller gewesen, der ein komplettes Produktsortiment an Zylinderkomponenten standardisiert, hergestellt und vermarktet hat, die den h\u00e4ufigsten Anforderungen des Marktes gerecht werden.[\/vc_column_text][\/vc_column_inner][vc_column_inner width=&#8220;1\/3&#8243;][vc_single_image image=&#8220;88643&#8243; img_size=&#8220;full&#8220;][vc_column_text el_class=&#8220;desc-box&#8220;]<\/p>\n<h3 style=\"text-align: left;\">TEILE UND KOMPONENTEN F\u00dcR ANLAGEN<\/h3>\n<p style=\"text-align: left;\"><strong>CONTARINI<\/strong> ist Zylinderhersteller aber auch ein wichtiger Bezugspartner f\u00fcr die gesamten Komponenten, die beim Einrichten einer \u00f6lhydraulischen Anlage notwendig werden.<\/p>\n<p style=\"text-align: left;\">Dies gibt CONTARINI di M\u00f6glichkeit ihrer Kundschaft <strong>komplette L\u00f6sungen<\/strong> f\u00fcr \u00f6lhydraulische Anlagen anbieten zu k\u00f6nnen, die verschiedene Anwendungsgebiete befriedigen.<\/p>\n<p>[\/vc_column_text][\/vc_column_inner][\/vc_row_inner][\/vc_column][vc_column][\/vc_column][\/vc_row][vc_row text_align=&#8220;center&#8220; column_gap=&#8220;no&#8220; padding_top=&#8220;0&#8243; padding_bottom=&#8220;0&#8243; margin_top=&#8220;40px&#8220; el_class=&#8220;gallery&#8220;][vc_column][vc_gallery type=&#8220;grid&#8220; images=&#8220;89593,86683,86678,88517,88523,88520,88514,88511,88508,88505&#8243; img_size=&#8220;600&#215;400&#8243; grid_number=&#8220;5&#8243;][\/vc_column][\/vc_row][vc_row padding_top=&#8220;0&#8243; padding_bottom=&#8220;0&#8243; el_class=&#8220;mission&#8220;][vc_column][vc_row_inner el_class=&#8220;title-plus&#8220;][vc_column_inner][vc_text_separator title=&#8220;QUALIT\u00c4T&#8220; color=&#8220;custom&#8220; css=&#8220;.vc_custom_1601279346045{margin-top: 40px !important;}&#8220;][vc_column_text]<\/p>\n<h2>Die Qualit\u00e4t des Herstellungsprozesses<\/h2>\n<p>[\/vc_column_text][\/vc_column_inner][\/vc_row_inner][vc_column_text el_class=&#8220;text-block&#8220;]Die Contarini Leopoldo glaubt fest an die Bedeutung der \u00dcberpr\u00fcfung der <strong>Verfahrensweisen in den verschiedenen Herstellungsphasen<\/strong>.<\/p>\n<p>Die angewandten Herstellungsmethoden und die Wahl der besten Rohstoffe spielen eine wichtige Rolle bei der Herstellung von zuverl\u00e4ssigen und dauerhaften Produkten: Es ist unsere Pflicht auf beste Weise zu produzieren, um unseren Kunden das h\u00f6chste Niveau an <strong>Qualit\u00e4t<\/strong> zu garantieren.<\/p>\n<p><strong>Beim Kauf der Rohstoffe<\/strong> achten wir nat\u00fcrlich auf einige grundlegende Kriterien, wie etwa <strong>Qualit\u00e4t<\/strong>, <strong>Preis<\/strong> und <strong>zuverl\u00e4ssige Vermarktungspraktiken der Zulieferer<\/strong>.<\/p>\n<p>In jeder Herstellungsphase werden die festgelegten <strong>Prozeduren<\/strong> befolgt, wobei systematisch jedes einzelne hergestellte Teil kontrolliert wird.<\/p>\n<p>Contarini hat ein Qualit\u00e4tsmanagementsystem ausgearbeitet und beibehalten, das mit der Norm <strong>UNI EN ISO 9001:2015<\/strong> konform ist \u2013 Entwicklung und Herstellung von \u00f6lhydraulischen Zylindern im Produktkatalog und auf Spezifikation des Kunden, Entwicklung und Herstellung von Handpumpen, Vermarktung \u00f6ldynamischer Komponenten.[\/vc_column_text][\/vc_column][\/vc_row]<\/p>\n<\/div>","protected":false},"excerpt":{"rendered":"<p>[vc_row inner_container=&#8220;no&#8220; type=&#8220;image&#8220; bg_position_horizontal=&#8220;center&#8220; enable_parallax=&#8220;false&#8220; padding_top=&#8220;&#8220; padding_bottom=&#8220;&#8220; visibility=&#8220;hidden-xs,hidden-sm,hidden-md,hidden-lg,hidden-xlg&#8220; el_class=&#8220;header-img&#8220; bg_image=&#8220;88495&#8243;][vc_column][\/vc_column][\/vc_row][vc_row padding_top=&#8220;0&#8243; padding_bottom=&#8220;0&#8243; el_class=&#8220;storia&#8220;][vc_column][vc_row_inner el_class=&#8220;title-plus&#8220;][vc_column_inner][vc_text_separator title=&#8220;PRODUKTE&#8220; color=&#8220;custom&#8220; css=&#8220;.vc_custom_1601279338102{margin-top: 40px !important;}&#8220;][vc_column_text] [\/vc_column_text][\/vc_column_inner][\/vc_row_inner][vc_row_inner equal_height=&#8220;yes&#8220; el_class=&#8220;desc-box-section&#8220;][vc_column_inner width=&#8220;1\/3&#8243;][vc_single_image image=&#8220;16071&#8243; img_size=&#8220;full&#8220;][vc_column_text el_class=&#8220;desc-box&#8220;] HANDPUMPEN Die Handpumpen CONTARINI sind das Ergebnis der Zusammenarbeit mit dem Forschungs- und Entwicklungsteam der INTERPUMP GROUP. Auch in diesem Fall findet vor der Herstellung eine genaueste Auswahl der Rohstoffe statt, und die Kontrollen [&hellip;]<\/p>\n","protected":false},"author":3,"featured_media":0,"parent":0,"menu_order":0,"comment_status":"closed","ping_status":"closed","template":"page-templates\/full-width.php","meta":{"_monsterinsights_skip_tracking":false,"_monsterinsights_sitenote_active":false,"_monsterinsights_sitenote_note":"","_monsterinsights_sitenote_category":0,"footnotes":""},"class_list":["post-90509","page","type-page","status-publish","hentry","odd"],"_links":{"self":[{"href":"https:\/\/contarini.net\/de\/wp-json\/wp\/v2\/pages\/90509","targetHints":{"allow":["GET"]}}],"collection":[{"href":"https:\/\/contarini.net\/de\/wp-json\/wp\/v2\/pages"}],"about":[{"href":"https:\/\/contarini.net\/de\/wp-json\/wp\/v2\/types\/page"}],"author":[{"embeddable":true,"href":"https:\/\/contarini.net\/de\/wp-json\/wp\/v2\/users\/3"}],"replies":[{"embeddable":true,"href":"https:\/\/contarini.net\/de\/wp-json\/wp\/v2\/comments?post=90509"}],"version-history":[{"count":5,"href":"https:\/\/contarini.net\/de\/wp-json\/wp\/v2\/pages\/90509\/revisions"}],"predecessor-version":[{"id":90589,"href":"https:\/\/contarini.net\/de\/wp-json\/wp\/v2\/pages\/90509\/revisions\/90589"}],"wp:attachment":[{"href":"https:\/\/contarini.net\/de\/wp-json\/wp\/v2\/media?parent=90509"}],"curies":[{"name":"wp","href":"https:\/\/api.w.org\/{rel}","templated":true}]}}