{"id":90489,"date":"2020-09-30T08:51:47","date_gmt":"2020-09-30T06:51:47","guid":{"rendered":"https:\/\/contarini.net\/einkaufsbedingungen\/"},"modified":"2020-09-30T10:31:40","modified_gmt":"2020-09-30T08:31:40","slug":"einkaufsbedingungen","status":"publish","type":"page","link":"https:\/\/contarini.net\/de\/einkaufsbedingungen\/","title":{"rendered":"Einkaufsbedingungen"},"content":{"rendered":"<div class=\"wpb-content-wrapper\"><p>[vc_row padding_top=&#8220;&#8220;][vc_column][vc_column_text css=&#8220;.vc_custom_1601234197762{padding-top: 40px !important;}&#8220;]Unabh\u00e4ngig von eventuellen Garantierechten, die den Kunden von dem Zwischenh\u00e4ndler gew\u00e4hrt werden, garantiert die Fa. CONTARINI LEOPOLDO S.r.l. die Produkte ihrer Eigenproduktion in den nachstehenden F\u00e4llen:<\/p>\n<p>A) bei von Materialien oder fehlerhaften Ausf\u00fchrungen verursachten St\u00f6rungen, die \u2013 innerhalb von 12 Monaten ab Einkaufsdatum von der Fa. CONTARINI LEOPOLDO S.r.l.- w\u00e4hrend der normalen und sachgem\u00e4\u00dfen Verwendung auftreten. Die Fa. CONTARINI LEOPOLDO S.r.l. beh\u00e4lt sich das Recht vor, die normale und sachgem\u00e4\u00dfe Verwendung zu bestimmen.<\/p>\n<p>B) bei M\u00e4ngeln, die mit Sicherheit auf Fehler im Material oder in der Herstellung zur\u00fcckzuf\u00fchren sind, leistet die Fa. CONTARINI LEOPOLDO S.r.l. durch kostenlose Reparierung oder Ersatzlieferung Gew\u00e4hr. Ersetzte Teile gehen in den Eigentum des Verk\u00e4ufers \u00fcber. Bei Dichtungen, die wegen Innen- oder Au\u00dfenkontamination sowie wegen der normalen Arbeitsbedingungen verschlissen sind, wird keine Gew\u00e4hrleistung \u00fcbernommen. Jegliche Gew\u00e4hrleistung wird bei durch Oxydationserscheinung verursachten M\u00e4ngeln auch ausgeschlossen.<\/p>\n<p>C) Es besteht kein Recht auf Ersatzlieferung.<\/p>\n<p>D) Jegliche R\u00fccklieferung unter Garantie muss von der Fa. CONTARINI LEOPOLDO S.r.l. schriftlich genehmigt werden.<br \/>\nDie Ware muss frei Haus geliefert werden. Beigelegt sein muss die ausf\u00fchrliche Beschreibung der festgestellten M\u00e4ngel und der Verwendungsbedingungen.<\/p>\n<p>E) Sollte das Endprodukt in Anlagen eingesetzt werden, die potentiell Sch\u00e4den an Dritten \u2013 h\u00f6her als den Produktwert selbst \u2013 verursachen k\u00f6nnen, verpflichtet sich der K\u00e4ufer, die gemessene Sicherheitsvorrichtungen einzuf\u00fchren, um jeglichen Schaden zu vermeiden. Dabei ist er auch davon bewusst, dass es bei der Serienproduktion zu Marktpreisen das Risiko \u2013 auch wenn beschr\u00e4nkt \u2013 auf das Vorliegen mangelhafter St\u00fccke l\u00e4uft.<\/p>\n<p>F) Die Gew\u00e4hrleistung sieht den Ersatz der als mangelhaft erwiesenen Teile \u2013 hinsichtlich Material oder Herstellung \u2013 vor. Die notwendige Arbeitskraft ist lediglich anerkannt, wenn die Reparatur unter Garantie in unserer Werkstatt durchgef\u00fchrt wird. Im Falle eines unter Garantie reparierten Produkts wird die Gew\u00e4hrleistungsfrist f\u00fcr das Produkt selbst so lang wie die restliche Frist der urspr\u00fcnglichen Gew\u00e4hrleistungsfrist.<\/p>\n<p>G) Erstattungen f\u00fcr Maschinen im Stillstand werden im keinerlei Fall anerkannt.<\/p>\n<p>H) Die beanstandete Ware muss zur Verf\u00fcgung des Verk\u00e4ufers gehalten werden, der sich das Recht vorbeh\u00e4lt, die gemessene Pr\u00fcfungen in dem Raum, in dem sie sich befindet, oder in einem anderem durch den Verk\u00e4ufer angegebenen Raum durchzuf\u00fchren.<\/p>\n<p>I) Keine Beanstandung hinsichtlich der Warenqualit\u00e4t darf im Gerichtsstand geltend gemacht werden \u2013 noch im Ausnahmefall -, solange die regelm\u00e4\u00dfige Bezahlung der Ware, auf die sich die Beanstandung bezieht, erfolgt ist.<\/p>\n<p>L) Der Verk\u00e4ufer \u00fcbernimmt keine Gew\u00e4hrleistung bei unsachgem\u00e4\u00dfer Verwendung oder Lagerung der gelieferten Ware.<\/p>\n<p><strong>IN DEN NACHSTEHENDEN F\u00c4LLEN ERL\u00d6SCHEN DIE GEW\u00c4HRLEISTUNGSANSPR\u00dcCHE:<\/strong><\/p>\n<p>1) wenn die Montage sich als unsachgemessen erwiest;<\/p>\n<p>2) bei Verwendung unter Bedingungen, die anders sind, als die, die in den technischen Ausf\u00fchrungszeichnungen oder in dem Katalog der Fa. CONTARINI LEOPOLDO S.r.l. beschrieben sind;<\/p>\n<p>3) beim Austausch von Einzelteilen mit nicht originellen Produkten;<\/p>\n<p>4) bei allerlei Eingriffen, die von Fachleuten vorgenommen werden, die keine unterschriebene Genehmigung des Verk\u00e4ufers besitzen.<\/p>\n<p>5) beim Nichthalten der vorgeschriebenen Anweisungen bei der Inbetriebsetzung;<\/p>\n<p>6) wenn das Produkt sich als kontaminiert erweist;<\/p>\n<p>7) wenn der Mangel auf den normalen Verschlei\u00df bei den Arbeitsbedingungen zur\u00fcckzuf\u00fchren ist;<\/p>\n<p>8) wenn die Vertragsbestimmungen nicht erf\u00fcllt werden, eingeschlossen Zahlungen.<\/p>\n<p><strong>GEBRAUCHSMASSNAHMEN<\/strong><\/p>\n<p>Dem K\u00e4ufer wird verboten, unsere Produkte in anderen Bedingungen zu verwenden, als die, die in den CONTARINI technischen Zeichnungen und Katalogen beschrieben sind.<\/p>\n<p>Auf Anfrage ist es m\u00f6glich, eine Funktionspr\u00fcfung der Zylinder gem\u00e4\u00df der in diesen technischen Unterlagen deklarierten Spezifikationen durchzuf\u00fchren. Da die wirklichen Arbeitsbedingungen der Einrichtungen des K\u00e4ufers nicht vollkommen gleich wiedergegeben werden k\u00f6nnen, lastet die Verantwortung f\u00fcr die komplette Verwendungstauglichkeit auf den K\u00e4ufer selbst.<\/p>\n<p><strong>ERKL\u00c4RUNG<\/strong><\/p>\n<p>Die in diesem Katalog beschriebenen Produkten sind f\u00fcr den Einbau in Maschinen bestimmt, auf die die Richtlinie CEE 98\/37\/CE (Maschinen-Vorschrift) sowie nachfolgende Ab\u00e4nderungen angewendet werden.<\/p>\n<p>Es ist verboten, unsere Produkte in Betrieb zu setzen, bevor die Maschine bzw. Anlage, in die sie eingebaut sind, die Konformit\u00e4tserkl\u00e4rung mit den Bestimmungen der o.g. Richtlinie erh\u00e4lt.[\/vc_column_text][\/vc_column][\/vc_row]<\/p>\n<\/div>","protected":false},"excerpt":{"rendered":"<p>[vc_row padding_top=&#8220;&#8220;][vc_column][vc_column_text css=&#8220;.vc_custom_1601234197762{padding-top: 40px !important;}&#8220;]Unabh\u00e4ngig von eventuellen Garantierechten, die den Kunden von dem Zwischenh\u00e4ndler gew\u00e4hrt werden, garantiert die Fa. CONTARINI LEOPOLDO S.r.l. die Produkte ihrer Eigenproduktion in den nachstehenden F\u00e4llen: A) bei von Materialien oder fehlerhaften Ausf\u00fchrungen verursachten St\u00f6rungen, die \u2013 innerhalb von 12 Monaten ab Einkaufsdatum von der Fa. CONTARINI LEOPOLDO S.r.l.- w\u00e4hrend der normalen und sachgem\u00e4\u00dfen Verwendung auftreten. [&hellip;]<\/p>\n","protected":false},"author":1,"featured_media":0,"parent":0,"menu_order":11,"comment_status":"closed","ping_status":"closed","template":"page-templates\/full-width.php","meta":{"_monsterinsights_skip_tracking":false,"_monsterinsights_sitenote_active":false,"_monsterinsights_sitenote_note":"","_monsterinsights_sitenote_category":0,"footnotes":""},"class_list":["post-90489","page","type-page","status-publish","hentry","odd"],"_links":{"self":[{"href":"https:\/\/contarini.net\/de\/wp-json\/wp\/v2\/pages\/90489","targetHints":{"allow":["GET"]}}],"collection":[{"href":"https:\/\/contarini.net\/de\/wp-json\/wp\/v2\/pages"}],"about":[{"href":"https:\/\/contarini.net\/de\/wp-json\/wp\/v2\/types\/page"}],"author":[{"embeddable":true,"href":"https:\/\/contarini.net\/de\/wp-json\/wp\/v2\/users\/1"}],"replies":[{"embeddable":true,"href":"https:\/\/contarini.net\/de\/wp-json\/wp\/v2\/comments?post=90489"}],"version-history":[{"count":5,"href":"https:\/\/contarini.net\/de\/wp-json\/wp\/v2\/pages\/90489\/revisions"}],"predecessor-version":[{"id":90580,"href":"https:\/\/contarini.net\/de\/wp-json\/wp\/v2\/pages\/90489\/revisions\/90580"}],"wp:attachment":[{"href":"https:\/\/contarini.net\/de\/wp-json\/wp\/v2\/media?parent=90489"}],"curies":[{"name":"wp","href":"https:\/\/api.w.org\/{rel}","templated":true}]}}