{"id":90467,"date":"2020-09-30T08:38:56","date_gmt":"2020-09-30T06:38:56","guid":{"rendered":"https:\/\/contarini.net\/news-und-messen\/"},"modified":"2022-11-21T09:05:42","modified_gmt":"2022-11-21T08:05:42","slug":"news-und-messen","status":"publish","type":"page","link":"https:\/\/contarini.net\/de\/news-und-messen\/","title":{"rendered":"News und Messen"},"content":{"rendered":"<div class=\"wpb-content-wrapper\"><p>[vc_row inner_container=&#8220;no&#8220; type=&#8220;image&#8220; bg_position_horizontal=&#8220;center&#8220; enable_parallax=&#8220;false&#8220; padding_top=&#8220;&#8220; padding_bottom=&#8220;&#8220; visibility=&#8220;hidden-xs,hidden-sm,hidden-md,hidden-lg,hidden-xlg&#8220; el_class=&#8220;header-img&#8220; bg_image=&#8220;16306&#8243;][vc_column][\/vc_column][\/vc_row][vc_row padding_bottom=&#8220;&#8220; el_class=&#8220;settori-section&#8220;][vc_column][vc_row_inner content_placement=&#8220;middle&#8220; el_class=&#8220;settore_box&#8220;][vc_column_inner width=&#8220;1\/2&#8243;][vc_column_text el_class=&#8220;text&#8220;]<\/p>\n<h3>NEUE HANDPUMPEN (\u201918)<\/h3>\n<p>Die Handpumpen von CONTARINI sind weiter verbessert worden: es wird eine neue Lippendichtung aus Polyurethan montiert, die niedrigem und h\u00f6hem Druck besteht und Bolzen sind jetzt geh\u00e4rtet. Das garantiert mehr Zuverl\u00e4ssigkeit und Lebensdauer.[\/vc_column_text][\/vc_column_inner][vc_column_inner width=&#8220;1\/2&#8243;][vc_single_image image=&#8220;88972&#8243; img_size=&#8220;full&#8220; alignment=&#8220;right&#8220; onclick=&#8220;custom_link&#8220; img_link_target=&#8220;_blank&#8220; link=&#8220;https:\/\/www.calameo.com\/read\/002587492527e0c963ca4&#8243;][\/vc_column_inner][\/vc_row_inner][vc_row_inner content_placement=&#8220;middle&#8220; el_class=&#8220;settore_box&#8220;][vc_column_inner width=&#8220;1\/2&#8243;][vc_single_image image=&#8220;88985&#8243; img_size=&#8220;full&#8220; alignment=&#8220;right&#8220; onclick=&#8220;custom_link&#8220; img_link_target=&#8220;_blank&#8220; link=&#8220;https:\/\/www.calameo.com\/read\/002587492fd6fc8302062&#8243;][\/vc_column_inner][vc_column_inner width=&#8220;1\/2&#8243;][vc_column_text el_class=&#8220;text&#8220;]<\/p>\n<h3>NEUER GESAMTKATALOG<\/h3>\n<p>Unser neuer Gesamtkatalog CONTARINI: \u00fcber 20.000 Artikel, zur Verf\u00fcgung von Kunden.[\/vc_column_text][\/vc_column_inner][\/vc_row_inner][vc_row_inner content_placement=&#8220;middle&#8220; el_class=&#8220;settore_box&#8220;][vc_column_inner width=&#8220;1\/2&#8243;][vc_column_text el_class=&#8220;text&#8220;]<\/p>\n<h3>NEUES BETRIEBSVIDEO<\/h3>\n<p>Die Firma CONTARINI LEOPOLDO srl freut sich dar\u00fcber, Ihnen das neue Betriebsvideo vorzustellen , wo in einigen Minuten unsere Geschichte, unsere Struktur und unseren Vorschlag gezeigt werden. Mit \u00fcber 50 Jahren Erfahrung und Hochkompetenz im Bereich Fluidtechnik arbeitet die Firma CONTARINI LEOPOLDO SRL mit Ihren Kunden zusammen, um ihren Anspr\u00fcchen am besten zu erf\u00fcllen.[\/vc_column_text][\/vc_column_inner][vc_column_inner width=&#8220;1\/2&#8243;][vc_single_image image=&#8220;16445&#8243; img_size=&#8220;full&#8220; alignment=&#8220;right&#8220; onclick=&#8220;custom_link&#8220; img_link_target=&#8220;_blank&#8220; link=&#8220;https:\/\/youtu.be\/cg9fQ7kYkW0&#8243;][\/vc_column_inner][\/vc_row_inner][\/vc_column][\/vc_row]<\/p>\n<\/div>","protected":false},"excerpt":{"rendered":"<p>[vc_row inner_container=&#8220;no&#8220; type=&#8220;image&#8220; bg_position_horizontal=&#8220;center&#8220; enable_parallax=&#8220;false&#8220; padding_top=&#8220;&#8220; padding_bottom=&#8220;&#8220; visibility=&#8220;hidden-xs,hidden-sm,hidden-md,hidden-lg,hidden-xlg&#8220; el_class=&#8220;header-img&#8220; bg_image=&#8220;16306&#8243;][vc_column][\/vc_column][\/vc_row][vc_row padding_bottom=&#8220;&#8220; el_class=&#8220;settori-section&#8220;][vc_column][vc_row_inner content_placement=&#8220;middle&#8220; el_class=&#8220;settore_box&#8220;][vc_column_inner width=&#8220;1\/2&#8243;][vc_column_text el_class=&#8220;text&#8220;] NEUE HANDPUMPEN (\u201918) Die Handpumpen von CONTARINI sind weiter verbessert worden: es wird eine neue Lippendichtung aus Polyurethan montiert, die niedrigem und h\u00f6hem Druck besteht und Bolzen sind jetzt geh\u00e4rtet. Das garantiert mehr Zuverl\u00e4ssigkeit und Lebensdauer.[\/vc_column_text][\/vc_column_inner][vc_column_inner width=&#8220;1\/2&#8243;][vc_single_image image=&#8220;88972&#8243; img_size=&#8220;full&#8220; alignment=&#8220;right&#8220; onclick=&#8220;custom_link&#8220; img_link_target=&#8220;_blank&#8220; link=&#8220;https:\/\/www.calameo.com\/read\/002587492527e0c963ca4&#8243;][\/vc_column_inner][\/vc_row_inner][vc_row_inner content_placement=&#8220;middle&#8220; [&hellip;]<\/p>\n","protected":false},"author":3,"featured_media":0,"parent":0,"menu_order":16,"comment_status":"closed","ping_status":"closed","template":"page-templates\/full-width.php","meta":{"_monsterinsights_skip_tracking":false,"_monsterinsights_sitenote_active":false,"_monsterinsights_sitenote_note":"","_monsterinsights_sitenote_category":0,"footnotes":""},"class_list":["post-90467","page","type-page","status-publish","hentry","odd"],"_links":{"self":[{"href":"https:\/\/contarini.net\/de\/wp-json\/wp\/v2\/pages\/90467","targetHints":{"allow":["GET"]}}],"collection":[{"href":"https:\/\/contarini.net\/de\/wp-json\/wp\/v2\/pages"}],"about":[{"href":"https:\/\/contarini.net\/de\/wp-json\/wp\/v2\/types\/page"}],"author":[{"embeddable":true,"href":"https:\/\/contarini.net\/de\/wp-json\/wp\/v2\/users\/3"}],"replies":[{"embeddable":true,"href":"https:\/\/contarini.net\/de\/wp-json\/wp\/v2\/comments?post=90467"}],"version-history":[{"count":5,"href":"https:\/\/contarini.net\/de\/wp-json\/wp\/v2\/pages\/90467\/revisions"}],"predecessor-version":[{"id":106300,"href":"https:\/\/contarini.net\/de\/wp-json\/wp\/v2\/pages\/90467\/revisions\/106300"}],"wp:attachment":[{"href":"https:\/\/contarini.net\/de\/wp-json\/wp\/v2\/media?parent=90467"}],"curies":[{"name":"wp","href":"https:\/\/api.w.org\/{rel}","templated":true}]}}