{"id":90295,"date":"2020-09-29T21:07:05","date_gmt":"2020-09-29T19:07:05","guid":{"rendered":"https:\/\/contarini.net\/anwendungsbereiche\/"},"modified":"2020-11-05T18:10:20","modified_gmt":"2020-11-05T17:10:20","slug":"anwendungsbereiche","status":"publish","type":"page","link":"https:\/\/contarini.net\/de\/anwendungsbereiche\/","title":{"rendered":"ANWENDUNGSBEREICHE"},"content":{"rendered":"<div class=\"wpb-content-wrapper\"><p>[vc_row padding_top=&#8220;0&#8243; padding_bottom=&#8220;0&#8243;][vc_column][vc_row_inner el_class=&#8220;title-plus&#8220;][vc_column_inner][vc_text_separator title=&#8220;ANWENDUNGEN&#8220;][vc_column_text]<\/p>\n<h2>Qualit\u00e4t und Entwicklung<\/h2>\n<p>[\/vc_column_text][\/vc_column_inner][\/vc_row_inner][\/vc_column][\/vc_row][vc_row padding_top=&#8220;&#8220; padding_bottom=&#8220;&#8220; el_class=&#8220;settori-section&#8220;][vc_column][vc_row_inner content_placement=&#8220;middle&#8220; el_class=&#8220;settore_box&#8220;][vc_column_inner width=&#8220;1\/2&#8243;][vc_column_text el_class=&#8220;text&#8220;]<\/p>\n<h3>LANDMASCHINEN<\/h3>\n<p>F\u00fcr den Bereich der Landmaschinen fertigt Contarini abh\u00e4ngig von der Maschine Zylinder f\u00fcr verschiedene Funktionen. Contarini ist im Bereich der Bauteile f\u00fcr Entfahnungsmaschinen, Eggen, Heuwender, hintere Ausleger, G\u00fclleausbringer, H\u00e4cksler, M\u00e4hdrescher, Kartoffelroder, Saatmaschinen und viele andere.[\/vc_column_text][\/vc_column_inner][vc_column_inner width=&#8220;1\/2&#8243;][vc_single_image image=&#8220;90360&#8243; img_size=&#8220;full&#8220; alignment=&#8220;right&#8220;][\/vc_column_inner][\/vc_row_inner][vc_row_inner content_placement=&#8220;middle&#8220; el_class=&#8220;settore_box&#8220;][vc_column_inner width=&#8220;1\/2&#8243;][vc_single_image image=&#8220;90335&#8243; img_size=&#8220;full&#8220; alignment=&#8220;right&#8220;][\/vc_column_inner][vc_column_inner width=&#8220;1\/2&#8243;][vc_column_text el_class=&#8220;text&#8220;]<\/p>\n<h3>M\u00dcLLFAHRZEUGE<\/h3>\n<p>Dank der Zusammenarbeit mit wichtigen Firmen, die Leader in der Herstellung von M\u00fcllfahrzeugen sind, hat die Firma Contarini in den letzten Jahren einen hohen Erfahrungsgrad erlangt und ist in der Lage, ihre Kundschaft beim Entwickeln neuer Projekte zu unterst\u00fctzen.[\/vc_column_text][\/vc_column_inner][\/vc_row_inner][vc_row_inner content_placement=&#8220;middle&#8220; el_class=&#8220;settore_box&#8220;][vc_column_inner width=&#8220;1\/2&#8243;][vc_column_text el_class=&#8220;text&#8220;]<\/p>\n<h3>INDUSTRIEFAHRZEUGE<\/h3>\n<p>Mit seiner umfassenden Produktreihe kann Contarini ein komplettes Hydraulikpaket liefern, was die Bauteilverwaltung deutlich erleichtert, und garantiert die Verwendung von Komponenten h\u00f6chster Qualit\u00e4t.[\/vc_column_text][\/vc_column_inner][vc_column_inner width=&#8220;1\/2&#8243;][vc_single_image image=&#8220;90347&#8243; img_size=&#8220;full&#8220; alignment=&#8220;right&#8220;][\/vc_column_inner][\/vc_row_inner][vc_row_inner content_placement=&#8220;middle&#8220; el_class=&#8220;settore_box&#8220;][vc_column_inner width=&#8220;1\/2&#8243;][vc_single_image image=&#8220;90341&#8243; img_size=&#8220;full&#8220; alignment=&#8220;right&#8220;][\/vc_column_inner][vc_column_inner width=&#8220;1\/2&#8243;][vc_column_text el_class=&#8220;text&#8220;]<\/p>\n<h3>BAUMASCHINEN<\/h3>\n<p>Im Bereich der Erdbewegung kann Contarini Zylinder nach den Zeichnungen des Kunden anfertigen, die mit bis zu 350 bar arbeiten, wobei mit der Entwicklung und Fertigung der Bauteile der Standardserie P350 aus C40 Stahl begonnen wird.[\/vc_column_text][\/vc_column_inner][\/vc_row_inner][\/vc_column][\/vc_row][vc_row padding_top=&#8220;&#8220; padding_bottom=&#8220;&#8220; el_class=&#8220;gallery&#8220;][vc_column][vc_column_text el_class=&#8220;title&#8220;]<\/p>\n<h3>WEITERE ANWENDUNGEN<\/h3>\n<p>[\/vc_column_text][vc_row_inner][vc_column_inner][vc_gallery type=&#8220;grid&#8220; images=&#8220;90354,90305,90329,90302,90318,90323,90309,90299,90315,90312&#8243; img_size=&#8220;600&#215;400&#8243; grid_number=&#8220;5&#8243;][\/vc_column_inner][\/vc_row_inner][\/vc_column][\/vc_row]<\/p>\n<\/div>","protected":false},"excerpt":{"rendered":"<p>[vc_row padding_top=&#8220;0&#8243; padding_bottom=&#8220;0&#8243;][vc_column][vc_row_inner el_class=&#8220;title-plus&#8220;][vc_column_inner][vc_text_separator title=&#8220;ANWENDUNGEN&#8220;][vc_column_text] Qualit\u00e4t und Entwicklung [\/vc_column_text][\/vc_column_inner][\/vc_row_inner][\/vc_column][\/vc_row][vc_row padding_top=&#8220;&#8220; padding_bottom=&#8220;&#8220; el_class=&#8220;settori-section&#8220;][vc_column][vc_row_inner content_placement=&#8220;middle&#8220; el_class=&#8220;settore_box&#8220;][vc_column_inner width=&#8220;1\/2&#8243;][vc_column_text el_class=&#8220;text&#8220;] LANDMASCHINEN F\u00fcr den Bereich der Landmaschinen fertigt Contarini abh\u00e4ngig von der Maschine Zylinder f\u00fcr verschiedene Funktionen. Contarini ist im Bereich der Bauteile f\u00fcr Entfahnungsmaschinen, Eggen, Heuwender, hintere Ausleger, G\u00fclleausbringer, H\u00e4cksler, M\u00e4hdrescher, Kartoffelroder, Saatmaschinen und viele andere.[\/vc_column_text][\/vc_column_inner][vc_column_inner width=&#8220;1\/2&#8243;][vc_single_image image=&#8220;90360&#8243; img_size=&#8220;full&#8220; alignment=&#8220;right&#8220;][\/vc_column_inner][\/vc_row_inner][vc_row_inner content_placement=&#8220;middle&#8220; el_class=&#8220;settore_box&#8220;][vc_column_inner width=&#8220;1\/2&#8243;][vc_single_image image=&#8220;90335&#8243; [&hellip;]<\/p>\n","protected":false},"author":1,"featured_media":0,"parent":0,"menu_order":16,"comment_status":"closed","ping_status":"closed","template":"page-templates\/full-width.php","meta":{"_monsterinsights_skip_tracking":false,"_monsterinsights_sitenote_active":false,"_monsterinsights_sitenote_note":"","_monsterinsights_sitenote_category":0,"footnotes":""},"class_list":["post-90295","page","type-page","status-publish","hentry","odd"],"_links":{"self":[{"href":"https:\/\/contarini.net\/de\/wp-json\/wp\/v2\/pages\/90295","targetHints":{"allow":["GET"]}}],"collection":[{"href":"https:\/\/contarini.net\/de\/wp-json\/wp\/v2\/pages"}],"about":[{"href":"https:\/\/contarini.net\/de\/wp-json\/wp\/v2\/types\/page"}],"author":[{"embeddable":true,"href":"https:\/\/contarini.net\/de\/wp-json\/wp\/v2\/users\/1"}],"replies":[{"embeddable":true,"href":"https:\/\/contarini.net\/de\/wp-json\/wp\/v2\/comments?post=90295"}],"version-history":[{"count":5,"href":"https:\/\/contarini.net\/de\/wp-json\/wp\/v2\/pages\/90295\/revisions"}],"predecessor-version":[{"id":102458,"href":"https:\/\/contarini.net\/de\/wp-json\/wp\/v2\/pages\/90295\/revisions\/102458"}],"wp:attachment":[{"href":"https:\/\/contarini.net\/de\/wp-json\/wp\/v2\/media?parent=90295"}],"curies":[{"name":"wp","href":"https:\/\/api.w.org\/{rel}","templated":true}]}}