{"id":88306,"date":"2018-04-10T10:32:41","date_gmt":"2018-04-10T08:32:41","guid":{"rendered":"https:\/\/contarini.net\/?page_id=88306\/"},"modified":"2026-01-22T16:40:36","modified_gmt":"2026-01-22T15:40:36","slug":"firma","status":"publish","type":"page","link":"https:\/\/contarini.net\/de\/firma\/","title":{"rendered":"Unternehmen"},"content":{"rendered":"<div class=\"wpb-content-wrapper\"><p>[vc_row][vc_column][vc_row_inner][vc_column_inner width=&#8220;1\/3&#8243;][vc_column_text el_class=&#8220;desc-box&#8220;]<strong>CONTARINI<\/strong>, mit einer zehnj\u00e4hrigen Erfahrung im Bereich der \u00d6lhydraulik, ist auf die <strong>Herstellung von Zylindern<\/strong>, sowohl Standard, als auch nach Zeichnung, <strong>Handpumpen<\/strong> und der Vermarktung von <strong>Komponenten f\u00fcr \u00f6lhydraulische Anlagen<\/strong> spezialisiert.<\/p>\n<p>&nbsp;<\/p>\n<p>&nbsp;<\/p>\n<p><img loading=\"lazy\" decoding=\"async\" class=\"wp-image-88744 size-medium aligncenter\" src=\"https:\/\/contarini.net\/wp-content\/uploads\/2018\/04\/what_de-600x225.png\" alt=\"\" width=\"600\" height=\"225\" srcset=\"\/\/contarini.net\/wp-content\/uploads\/2018\/04\/what_de-600x225.png 600w, \/\/contarini.net\/wp-content\/uploads\/2018\/04\/what_de-768x288.png 768w, \/\/contarini.net\/wp-content\/uploads\/2018\/04\/what_de.png 800w\" sizes=\"auto, (max-width: 600px) 100vw, 600px\" \/>[\/vc_column_text][\/vc_column_inner][vc_column_inner width=&#8220;1\/3&#8243;][vc_column_text el_class=&#8220;desc-box&#8220;]<strong>CONTARINI <\/strong>kann den <strong>Zylinder<\/strong> und seine <strong>Komponenten<\/strong>, sowohl nach unserem Standard als auch nach einer speziellen <strong>Konfiguration<\/strong> konzipieren und entwerfen; kann den Kunden bei der Entwicklungsphase des Systems mit gezielten Vorschl\u00e4gen und mit Hilfe ihrer technischen <strong>Kompetenz<\/strong> begleiten. Das Lager CONTARINI hat tausende Best\u00e4nde, f\u00fcr mehr als <strong>eine Million<\/strong>verf\u00fcgbarer Teile; dank eines modernen <strong>Managementsystems<\/strong> ist es in der Lage schnell jeder Art der Nachfrage gerecht zu werden.<img loading=\"lazy\" decoding=\"async\" class=\"wp-image-88923 size-medium aligncenter\" src=\"https:\/\/contarini.net\/wp-content\/uploads\/2018\/04\/how-deu-600x225.png\" alt=\"\" width=\"600\" height=\"225\" srcset=\"\/\/contarini.net\/wp-content\/uploads\/2018\/04\/how-deu-600x225.png 600w, \/\/contarini.net\/wp-content\/uploads\/2018\/04\/how-deu-768x288.png 768w, \/\/contarini.net\/wp-content\/uploads\/2018\/04\/how-deu.png 800w\" sizes=\"auto, (max-width: 600px) 100vw, 600px\" \/>[\/vc_column_text][\/vc_column_inner][vc_column_inner width=&#8220;1\/3&#8243;][vc_column_text el_class=&#8220;desc-box&#8220;]Mitglied der <strong>INTERPUMP GROUP<\/strong>, einer der weltweiten Leader der \u00d6lhydraulik, ist <strong>CONTARINI<\/strong> in einem Team aktiv, das die technischen Entscheidungen der wichtigsten Industrieanlagen unterst\u00fctzen kann. CONTARINI ist, dank ihrer <strong>Vielseitigkeit<\/strong>, der richtige Partner, um <strong>optimale L\u00f6sungen<\/strong> f\u00fcr einen weiten Anwendungsbereich zu finden.<\/p>\n<p>&nbsp;<\/p>\n<p><img loading=\"lazy\" decoding=\"async\" class=\"wp-image-88926 size-medium aligncenter\" src=\"https:\/\/contarini.net\/wp-content\/uploads\/2018\/04\/who_deu-600x225.png\" alt=\"\" width=\"600\" height=\"225\" srcset=\"\/\/contarini.net\/wp-content\/uploads\/2018\/04\/who_deu-600x225.png 600w, \/\/contarini.net\/wp-content\/uploads\/2018\/04\/who_deu-768x288.png 768w, \/\/contarini.net\/wp-content\/uploads\/2018\/04\/who_deu.png 800w\" sizes=\"auto, (max-width: 600px) 100vw, 600px\" \/>[\/vc_column_text][\/vc_column_inner][\/vc_row_inner][\/vc_column][\/vc_row][vc_row type=&#8220;image&#8220; visibility=&#8220;hidden-xs,hidden-sm&#8220; el_class=&#8220;filiali&#8220; bg_image=&#8220;88466&#8243;][vc_column][vc_row_inner el_class=&#8220;title-plus&#8220;][vc_column_inner][vc_text_separator title=&#8220;ERFAHRUNG&#8220;][\/vc_column_inner][\/vc_row_inner][vc_row_inner][vc_column_inner width=&#8220;1\/4&#8243;][vc_column_text el_class=&#8220;filiale&#8220;]<\/p>\n<h3 style=\"text-align: left;\">1958<\/h3>\n<p style=\"text-align: left;\">Gegr\u00fcndet von Leopoldo Contarini in Lugo, in der \u00e4u\u00dferst aktiven Emilia-Romagna, hatte die Firma am Anfang Familiencharakter. Es werden Spezialzylinder, nach Anforderung des Kunden, und gro\u00dfe hydraulische Pressen entwickelt und hergestellt, damals sehr fortgeschritten, besonders f\u00fcr den amerikanischen Markt.<\/p>\n<p>[\/vc_column_text][\/vc_column_inner][vc_column_inner width=&#8220;1\/4&#8243;][vc_column_text el_class=&#8220;filiale&#8220;]<\/p>\n<h3 style=\"text-align: left;\">70\/80IGER JAHRE<\/h3>\n<p style=\"text-align: left;\">Immer auf dem neuesten Stand, mit dem Eintritt der Kinder von Leopoldo, beginnt die CONTARINI einen industriellen Standardisierungsprozess<br \/>\nf\u00fcr ein Produktsortiment der Zylinder und deren Komponenten. Die Firma ist jetzt strukturierter und dynamischer, in der Lage die Anforderungen der Kundschaft leicht zu befriedigen. Zudem wird das Produktsortiment in diesen Jahren mit der Vermarktung von Bauteilen f\u00fcr \u00f6lhydraulische Anlagen erweitert.[\/vc_column_text][\/vc_column_inner][vc_column_inner width=&#8220;1\/4&#8243;][vc_column_text el_class=&#8220;filiale&#8220;]<\/p>\n<h3 style=\"text-align: left;\">1999<\/h3>\n<p style=\"text-align: left;\">CONTARINI Leopoldo Srl erh\u00e4lt die Zertifizierung ISO 9001:2008 f\u00fcr:<br \/>\n\u2013 Entwicklung und Herstellung von \u00f6lhydraulischen Zylindern im Produktkatalog und auf Spezifikation des Kunden;<br \/>\n\u2013 Entwicklung und Herstellung von Handpumpen;<br \/>\n&#8211; Vermarktung \u00f6lhydraulischer Komponenten.[\/vc_column_text][\/vc_column_inner][vc_column_inner width=&#8220;1\/4&#8243;][vc_column_text el_class=&#8220;filiale&#8220;]<\/p>\n<h3 style=\"text-align: left;\">2008<\/h3>\n<p style=\"text-align: left;\">CONTARINI wird in die INTERPUMP GROUP SPA aufgenommen, die der weltweite Leader f\u00fcr Hochdruck-Kolbenpumpen und \u00f6lhydraulische Komponenten ist.<br \/>\nDies bedeutet nicht nur die Chance auf neuen M\u00e4rkten zu wachsen, sondern bringt auch Antrieb f\u00fcr eine konstante Vermehrung des Know-how dank der Zusammenarbeit mit den verschiedenen Firmen der Gruppe.[\/vc_column_text][\/vc_column_inner][\/vc_row_inner][\/vc_column][\/vc_row][vc_row type=&#8220;image&#8220; visibility=&#8220;visible-xs,visible-sm&#8220; el_class=&#8220;filiali&#8220; bg_image=&#8220;88466&#8243;][vc_column][vc_row_inner el_class=&#8220;title-plus&#8220;][vc_column_inner][vc_text_separator title=&#8220;ERFAHRUNG&#8220;][\/vc_column_inner][\/vc_row_inner][vc_row_inner][vc_column_inner width=&#8220;1\/2&#8243;][vc_column_text el_class=&#8220;filiale&#8220;]<\/p>\n<h3 style=\"text-align: left;\">1958<\/h3>\n<p style=\"text-align: left;\">Gegr\u00fcndet von Leopoldo Contarini in Lugo, in der \u00e4u\u00dferst aktiven Emilia-Romagna, hatte die Firma am Anfang Familiencharakter. Es werden Spezialzylinder, nach Anforderung des Kunden, und gro\u00dfe hydraulische Pressen entwickelt und hergestellt, damals sehr fortgeschritten, besonders f\u00fcr den amerikanischen Markt.<\/p>\n<p>[\/vc_column_text][vc_column_text el_class=&#8220;filiale&#8220;]<\/p>\n<h3 style=\"text-align: left;\">1999<\/h3>\n<p style=\"text-align: left;\">CONTARINI Leopoldo Srl erh\u00e4lt die Zertifizierung ISO 9001:2008 f\u00fcr:<br \/>\n\u2013 Entwicklung und Herstellung von \u00f6lhydraulischen Zylindern im Produktkatalog und auf Spezifikation des Kunden;<br \/>\n\u2013 Entwicklung und Herstellung von Handpumpen;<br \/>\n&#8211; Vermarktung \u00f6lhydraulischer Komponenten.[\/vc_column_text][\/vc_column_inner][vc_column_inner width=&#8220;1\/2&#8243;][vc_column_text el_class=&#8220;filiale&#8220;]<\/p>\n<h3 style=\"text-align: left;\">70\/80IGER JAHRE<\/h3>\n<p style=\"text-align: left;\">Immer auf dem neuesten Stand, mit dem Eintritt der Kinder von Leopoldo, beginnt die CONTARINI einen industriellen Standardisierungsprozess<br \/>\nf\u00fcr ein Produktsortiment der Zylinder und deren Komponenten. Die Firma ist jetzt strukturierter und dynamischer, in der Lage die Anforderungen der Kundschaft leicht zu befriedigen. Zudem wird das Produktsortiment in diesen Jahren mit der Vermarktung von Bauteilen f\u00fcr \u00f6lhydraulische Anlagen erweitert.[\/vc_column_text][vc_column_text el_class=&#8220;filiale&#8220;]<\/p>\n<h3 style=\"text-align: left;\">2008<\/h3>\n<p style=\"text-align: left;\">CONTARINI wird in die INTERPUMP GROUP SPA aufgenommen, die der weltweite Leader f\u00fcr Hochdruck-Kolbenpumpen und \u00f6lhydraulische Komponenten ist.<br \/>\nDies bedeutet nicht nur die Chance auf neuen M\u00e4rkten zu wachsen, sondern bringt auch Antrieb f\u00fcr eine konstante Vermehrung des Know-how dank der Zusammenarbeit mit den verschiedenen Firmen der Gruppe.[\/vc_column_text][\/vc_column_inner][\/vc_row_inner][\/vc_column][\/vc_row][vc_row][vc_column][vc_row_inner el_class=&#8220;title-plus&#8220;][vc_column_inner][vc_text_separator title=&#8220;QUALIT\u00c4T&#8220; color=&#8220;custom&#8220;][\/vc_column_inner][\/vc_row_inner][vc_row_inner][vc_column_inner width=&#8220;1\/3&#8243;][vc_column_text el_class=&#8220;desc-box&#8220;]<img loading=\"lazy\" decoding=\"async\" class=\"wp-image-88934 size-full aligncenter\" src=\"https:\/\/contarini.net\/wp-content\/uploads\/2018\/04\/qualitat_product.png\" alt=\"\" width=\"184\" height=\"400\" \/>[\/vc_column_text][\/vc_column_inner][vc_column_inner width=&#8220;1\/3&#8243;][vc_column_text el_class=&#8220;desc-box&#8220;]<img loading=\"lazy\" decoding=\"async\" class=\"wp-image-88937 size-full aligncenter\" src=\"https:\/\/contarini.net\/wp-content\/uploads\/2018\/04\/qualitat_service.png\" alt=\"\" width=\"185\" height=\"400\" \/>[\/vc_column_text][\/vc_column_inner][vc_column_inner width=&#8220;1\/3&#8243;][vc_column_text el_class=&#8220;desc-box&#8220;]<img loading=\"lazy\" decoding=\"async\" class=\"wp-image-88943 size-full aligncenter\" src=\"https:\/\/contarini.net\/wp-content\/uploads\/2018\/04\/qualitatsmanagement-1.png\" alt=\"\" width=\"200\" height=\"400\" \/>[\/vc_column_text][\/vc_column_inner][\/vc_row_inner][\/vc_column][\/vc_row][vc_row text_align=&#8220;center&#8220; type=&#8220;image&#8220; bg_position=&#8220;center&#8220; bg_position_horizontal=&#8220;center&#8220; bg_attachment=&#8220;true&#8220; enable_parallax=&#8220;false&#8220; parallax_speed=&#8220;0.5&#8243; padding_top=&#8220;0&#8243; padding_bottom=&#8220;0&#8243; el_class=&#8220;filiali&#8220;][vc_column][vc_row_inner el_class=&#8220;title-plus&#8220;][vc_column_inner][vc_text_separator title=&#8220;PR\u00c4SENZ&#8220; color=&#8220;custom&#8220;][vc_column_text][\/vc_column_text][\/vc_column_inner][\/vc_row_inner][vc_row_inner el_class=&#8220;filiali-section&#8220;][vc_column_inner width=&#8220;1\/3&#8243;][vc_column_text el_class=&#8220;filiale&#8220;]<\/p>\n<h3><img loading=\"lazy\" decoding=\"async\" class=\"aligncenter size-full wp-image-16130\" src=\"https:\/\/contarini.net\/wp-content\/uploads\/2015\/11\/logocontarini_v-e1602250918711.png\" alt=\"\" width=\"285\" height=\"100\" \/>Contarini Leopoldo srl<\/h3>\n<h4>75 Fiumazzo Street<br \/>\n48022 Lugo di Romagna (RA)<br \/>\nItaly<\/h4>\n<p><strong>Tel:<\/strong> +39 0545 281111<br \/>\n<strong>Fax:<\/strong> +39 0545 30342<br \/>\n<strong>Email:<\/strong> <a href=\"mailto:mbox@contarini.net\">mbox@contarini.net<\/a><br \/>\n<strong>Web Site:<\/strong> <a href=\"https:\/\/www.contarini.net\/\" target=\"_blank\" rel=\"noopener noreferrer\">www.contarini.net<\/a>[\/vc_column_text][\/vc_column_inner][vc_column_inner width=&#8220;1\/3&#8243;][vc_column_text el_class=&#8220;filiale&#8220;]<\/p>\n<h3><img loading=\"lazy\" decoding=\"async\" class=\"aligncenter size-full wp-image-16129\" src=\"https:\/\/contarini.net\/wp-content\/uploads\/2015\/11\/logocopa-e1602250895702.png\" alt=\"\" width=\"287\" height=\"161\" \/>Copa Hydrosystem Ltd<\/h3>\n<h4>36 Radezchi<br \/>\n5600 Troyan<br \/>\nBulgaria<\/h4>\n<p><strong>Tel:<\/strong> +359 670 62185<br \/>\n<strong>Fax:<\/strong> +359 670 62185<br \/>\n<strong>Email:\u00a0<\/strong><a href=\"mailto:info@copahydro.com\" target=\"_blank\" rel=\"noopener noreferrer\">info@copahydro.com<\/a><br \/>\n<strong>Web site:\u00a0<\/strong><a href=\"www.copahydro.com\" target=\"_blank\" rel=\"noopener noreferrer\">www.copahydro.com<\/a>[\/vc_column_text][\/vc_column_inner][vc_column_inner width=&#8220;1\/3&#8243;][vc_column_text el_class=&#8220;filiale&#8220;]<\/p>\n<h3><img loading=\"lazy\" decoding=\"async\" class=\"aligncenter size-full wp-image-16126\" src=\"https:\/\/contarini.net\/wp-content\/uploads\/2015\/11\/logounidro-e1602250854888.png\" alt=\"\" width=\"462\" height=\"366\" \/>Unidro-contarini Sarl<\/h3>\n<h4>Z.I. Les Epinettes<br \/>\n495 avenue Bramafan<br \/>\n73230 Barby &#8211; France<\/h4>\n<p><strong>Tel:<\/strong> +33 04 79710638<br \/>\n<strong>Fax:<\/strong> +33 04 79710639<br \/>\n<strong>Email:<\/strong> <a href=\"mailto:contact@unidro-contarini.com\" target=\"_blank\" rel=\"noopener noreferrer\">contact@unidro-contarini.com<\/a><br \/>\n<strong>Web Site:<\/strong> <a href=\"https:\/\/www.unidro-contarini.com\/\" target=\"_blank\" rel=\"noopener noreferrer\">www.unidro-contarini.com<\/a>[\/vc_column_text][\/vc_column_inner][\/vc_row_inner][\/vc_column][\/vc_row][vc_row text_align=&#8220;center&#8220; padding_bottom=&#8220;0&#8243; el_class=&#8220;numeri&#8220;][vc_column css=&#8220;.vc_custom_1601240872463{margin-top: 40px !important;}&#8220;][vc_row_inner el_class=&#8220;title-plus&#8220;][vc_column_inner][vc_text_separator title=&#8220;OVERVIEW GRUPPE CONTARINI&#8220; color=&#8220;custom&#8220;][vc_column_text][\/vc_column_text][\/vc_column_inner][\/vc_row_inner][vc_row_inner disable_element=&#8220;yes&#8220;][vc_column_inner][\/vc_column_inner][\/vc_row_inner][vc_row_inner][vc_column_inner width=&#8220;1\/2&#8243;][vc_column_text]<\/p>\n<h3>Vertriebsbereiche<\/h3>\n<p>[\/vc_column_text][vc_round_chart style=&#8220;modern&#8220; stroke_width=&#8220;0&#8243; tooltips=&#8220;&#8220; values=&#8220;%5B%7B%22title%22%3A%22Industriefahrzeuge%22%2C%22value%22%3A%2211%2C70%22%2C%22color%22%3A%22blue%22%7D%2C%7B%22title%22%3A%22Baumaschinen%22%2C%22value%22%3A%221%2C40%22%2C%22color%22%3A%22juicy-pink%22%7D%2C%7B%22title%22%3A%22M%C3%BCllwagen%22%2C%22value%22%3A%2210%2C95%22%2C%22color%22%3A%22orange%22%7D%2C%7B%22title%22%3A%22Landwirtschaft%22%2C%22value%22%3A%2235%2C81%22%2C%22color%22%3A%22vista-blue%22%2C%22custom_color%22%3A%22%23ff675b%22%7D%2C%7B%22title%22%3A%22Marine%22%2C%22value%22%3A%222%2C29%22%2C%22color%22%3A%22blue%22%2C%22custom_color%22%3A%22%234cadc9%22%7D%2C%7B%22title%22%3A%22Erdbewegungsmaschinen%22%2C%22value%22%3A%226%22%2C%22color%22%3A%22violet%22%2C%22custom_color%22%3A%22%238d6dc4%22%7D%2C%7B%22title%22%3A%22Bohren%20%22%2C%22value%22%3A%221%2C35%22%2C%22color%22%3A%22chino%22%2C%22custom_color%22%3A%22%23f79468%22%7D%2C%7B%22title%22%3A%22Industrie%22%2C%22value%22%3A%2229%2C60%22%2C%22color%22%3A%22sandy-brown%22%2C%22custom_color%22%3A%22%2350485b%22%7D%2C%7B%22title%22%3A%22Kranwagen%22%2C%22value%22%3A%220%2C90%22%2C%22color%22%3A%22juicy-pink%22%2C%22custom_color%22%3A%22%23fe6c61%22%7D%5D&#8220; animation=&#8220;easeOutBounce&#8220;][\/vc_column_inner][vc_column_inner width=&#8220;1\/2&#8243;][vc_column_text]<\/p>\n<h3>Verk\u00e4ufe nach geografischen Bereichen<\/h3>\n<p>[\/vc_column_text][vc_round_chart style=&#8220;modern&#8220; stroke_width=&#8220;0&#8243; tooltips=&#8220;&#8220; values=&#8220;%5B%7B%22title%22%3A%22Europa%22%2C%22value%22%3A%2253%22%2C%22color%22%3A%22turquoise%22%2C%22custom_color%22%3A%22%231e73be%22%7D%2C%7B%22title%22%3A%22Italien%22%2C%22value%22%3A%2228%22%2C%22color%22%3A%22blue%22%7D%2C%7B%22title%22%3A%22Asien%22%2C%22value%22%3A%222%22%2C%22color%22%3A%22juicy-pink%22%7D%2C%7B%22title%22%3A%22Osteuropa%22%2C%22value%22%3A%228%22%2C%22color%22%3A%22vista-blue%22%2C%22custom_color%22%3A%22%23ff9900%22%7D%2C%7B%22title%22%3A%22S%C3%BCdamerika%22%2C%22value%22%3A%221%22%2C%22color%22%3A%22sky%22%2C%22custom_color%22%3A%22%2375d69c%22%7D%2C%7B%22title%22%3A%22Afrika%22%2C%22value%22%3A%226%22%2C%22color%22%3A%22turquoise%22%2C%22custom_color%22%3A%22%2300c1cf%22%7D%2C%7B%22title%22%3A%22Rest%20der%20Welt%20%22%2C%22value%22%3A%222%22%2C%22color%22%3A%22blue%22%2C%22custom_color%22%3A%22%235472d2%22%7D%5D&#8220; animation=&#8220;easeOutBounce&#8220;][\/vc_column_inner][\/vc_row_inner][vc_column_inner][\/vc_column_inner][\/vc_column][\/vc_row][vc_row text_align=&#8220;center&#8220; padding_top=&#8220;0&#8243; padding_bottom=&#8220;0&#8243; el_class=&#8220;certificazioni&#8220;][vc_column][vc_row_inner el_class=&#8220;title-plus&#8220; css=&#8220;.vc_custom_1601240836214{margin-top: 40px !important;margin-bottom: 40px !important;}&#8220;][vc_column_inner][vc_text_separator title=&#8220;ZERTIFIZIERUNGEN&#8220; color=&#8220;custom&#8220;][\/vc_column_inner][\/vc_row_inner][vc_row_inner css=&#8220;.vc_custom_1601240844443{margin-bottom: 40px !important;}&#8220;][vc_column_inner width=&#8220;1\/4&#8243;][vc_column_text css=&#8220;&#8220; el_class=&#8220;doc-box&#8220;]<\/p>\n<h5>Zertifiziert\u00a0 ISO 9001:2015<\/h5>\n<p>&nbsp;<\/p>\n<p><a href=\"https:\/\/download.contarini.net\/download\/documents\/iso9001\/UNI_EN_ISO_9001-2015_en.pdf\" target=\"_blank\" rel=\"noopener\"><span class=\"btn download btn-primary\">Herunterladen<\/span><\/a>[\/vc_column_text][\/vc_column_inner][vc_column_inner width=&#8220;1\/4&#8243;][vc_column_text css=&#8220;&#8220; el_class=&#8220;doc-box&#8220;]<\/p>\n<h5>Zertifiziert ISO 45001:2018<\/h5>\n<p>&nbsp;<\/p>\n<p><a href=\"https:\/\/download.contarini.net\/download\/documents\/iso45001\/UNI_EN_ISO_45001-2018_en.pdf\" target=\"_blank\" rel=\"noopener\"><span class=\"btn download btn-primary\">Herunterladen<\/span><\/a>[\/vc_column_text][\/vc_column_inner][vc_column_inner width=&#8220;1\/4&#8243;][vc_column_text css=&#8220;&#8220; el_class=&#8220;doc-box&#8220;]<\/p>\n<h5>Ehrenkodex ( Interpump Group )<\/h5>\n<p><a href=\"https:\/\/download.contarini.net\/download\/documents\/ethcode\/ethcode_eng.pdf\" target=\"_blank\" rel=\"noopener\"><span class=\"btn download btn-primary\">Herunterladen<\/span><\/a>[\/vc_column_text][\/vc_column_inner][vc_column_inner width=&#8220;1\/4&#8243;][vc_column_text css=&#8220;&#8220; el_class=&#8220;doc-box&#8220;]<\/p>\n<h5>Organisation and Management Model<\/h5>\n<p><a href=\"https:\/\/download.contarini.net\/download\/documents\/mogc\/Contarini_MOGC_ENG.pdf\" target=\"_blank\" rel=\"noopener\"><span class=\"btn download btn-primary\">Herunterladen<\/span><\/a>[\/vc_column_text][\/vc_column_inner][\/vc_row_inner][\/vc_column][\/vc_row]<\/p>\n<\/div>","protected":false},"excerpt":{"rendered":"<p>[vc_row][vc_column][vc_row_inner][vc_column_inner width=&#8220;1\/3&#8243;][vc_column_text el_class=&#8220;desc-box&#8220;]CONTARINI, mit einer zehnj\u00e4hrigen Erfahrung im Bereich der \u00d6lhydraulik, ist auf die Herstellung von Zylindern, sowohl Standard, als auch nach Zeichnung, Handpumpen und der Vermarktung von Komponenten f\u00fcr \u00f6lhydraulische Anlagen spezialisiert. &nbsp; &nbsp; [\/vc_column_text][\/vc_column_inner][vc_column_inner width=&#8220;1\/3&#8243;][vc_column_text el_class=&#8220;desc-box&#8220;]CONTARINI kann den Zylinder und seine Komponenten, sowohl nach unserem Standard als auch nach einer speziellen Konfiguration konzipieren und entwerfen; kann den Kunden [&hellip;]<\/p>\n","protected":false},"author":3,"featured_media":0,"parent":0,"menu_order":0,"comment_status":"closed","ping_status":"closed","template":"page-templates\/full-width.php","meta":{"_monsterinsights_skip_tracking":false,"_monsterinsights_sitenote_active":false,"_monsterinsights_sitenote_note":"","_monsterinsights_sitenote_category":0,"footnotes":""},"class_list":["post-88306","page","type-page","status-publish","hentry","odd"],"_links":{"self":[{"href":"https:\/\/contarini.net\/de\/wp-json\/wp\/v2\/pages\/88306","targetHints":{"allow":["GET"]}}],"collection":[{"href":"https:\/\/contarini.net\/de\/wp-json\/wp\/v2\/pages"}],"about":[{"href":"https:\/\/contarini.net\/de\/wp-json\/wp\/v2\/types\/page"}],"author":[{"embeddable":true,"href":"https:\/\/contarini.net\/de\/wp-json\/wp\/v2\/users\/3"}],"replies":[{"embeddable":true,"href":"https:\/\/contarini.net\/de\/wp-json\/wp\/v2\/comments?post=88306"}],"version-history":[{"count":7,"href":"https:\/\/contarini.net\/de\/wp-json\/wp\/v2\/pages\/88306\/revisions"}],"predecessor-version":[{"id":112724,"href":"https:\/\/contarini.net\/de\/wp-json\/wp\/v2\/pages\/88306\/revisions\/112724"}],"wp:attachment":[{"href":"https:\/\/contarini.net\/de\/wp-json\/wp\/v2\/media?parent=88306"}],"curies":[{"name":"wp","href":"https:\/\/api.w.org\/{rel}","templated":true}]}}